{"id":869,"date":"2021-03-09T16:38:43","date_gmt":"2021-03-09T16:38:43","guid":{"rendered":"https:\/\/procolmat.com\/?post_type=product&#038;p=869"},"modified":"2023-04-03T19:30:57","modified_gmt":"2023-04-03T19:30:57","slug":"juntaflex-28-kg","status":"publish","type":"product","link":"https:\/\/procolmat.com\/en\/product\/juntaflex-28-kg\/","title":{"rendered":"JuntaFlex (Mortero &#8211; Masilla para juntas) [28 Kg]"},"content":{"rendered":"<p class=\"_04xlpA direction-ltr align-start para-style-body\"><span class=\"JsGRdQ\">Es un MORTERO \u2013MASILLA Sismo Resistente, el\u00e1stico con pol\u00edmeros elastom\u00e9ricos de alta elongaci\u00f3n basado en agua, lo cual permite<\/span><\/p>\n<p class=\"_04xlpA direction-ltr align-start para-style-body\"><span class=\"JsGRdQ\">\u00a0desarrollar alta capacidad de movimiento y alta adherencia.<\/span><\/p>\n<p>Puedes ver la <strong>ficha t\u00e9cnica<\/strong> de este producto <strong>dando clic<\/strong> en el siguiente enlace: <a href=\"https:\/\/procolmat.com\/wp-content\/uploads\/2021\/03\/JuntaFlex-2-Ficha-Tecnica.pdf\">JuntaFlex\u00a0 &#8211; Ficha T\u00e9cnica<\/a><\/p>","protected":false},"excerpt":{"rendered":"<p class=\"_04xlpA direction-ltr align-start para-style-body\"><span class=\"JsGRdQ\">Es un MORTERO \u2013MASILLA Sismo Resistente, el\u00e1stico con pol\u00edmeros elastom\u00e9ricos de alta elongaci\u00f3n basado en agua, lo cual permite<\/span><\/p>\n<p class=\"_04xlpA direction-ltr align-start para-style-body\"><span class=\"JsGRdQ\">desarrollar alta capacidad de movimiento y alta adherencia.<\/span><\/p>\n<p>&nbsp;<\/p>\n<p>&nbsp;<\/p>","protected":false},"featured_media":870,"comment_status":"open","ping_status":"closed","template":"","meta":{"site-sidebar-layout":"default","site-content-layout":"","ast-site-content-layout":"default","site-content-style":"default","site-sidebar-style":"default","ast-global-header-display":"","ast-banner-title-visibility":"","ast-main-header-display":"","ast-hfb-above-header-display":"","ast-hfb-below-header-display":"","ast-hfb-mobile-header-display":"","site-post-title":"","ast-breadcrumbs-content":"","ast-featured-img":"","footer-sml-layout":"","ast-disable-related-posts":"","theme-transparent-header-meta":"","adv-header-id-meta":"","stick-header-meta":"","header-above-stick-meta":"","header-main-stick-meta":"","header-below-stick-meta":"","astra-migrate-meta-layouts":"default","ast-page-background-enabled":"default","ast-page-background-meta":{"desktop":{"background-color":"var(--ast-global-color-5)","background-image":"","background-repeat":"repeat","background-position":"center center","background-size":"auto","background-attachment":"scroll","background-type":"","background-media":"","overlay-type":"","overlay-color":"","overlay-opacity":"","overlay-gradient":""},"tablet":{"background-color":"","background-image":"","background-repeat":"repeat","background-position":"center center","background-size":"auto","background-attachment":"scroll","background-type":"","background-media":"","overlay-type":"","overlay-color":"","overlay-opacity":"","overlay-gradient":""},"mobile":{"background-color":"","background-image":"","background-repeat":"repeat","background-position":"center center","background-size":"auto","background-attachment":"scroll","background-type":"","background-media":"","overlay-type":"","overlay-color":"","overlay-opacity":"","overlay-gradient":""}},"ast-content-background-meta":{"desktop":{"background-color":"var(--ast-global-color-4)","background-image":"","background-repeat":"repeat","background-position":"center center","background-size":"auto","background-attachment":"scroll","background-type":"","background-media":"","overlay-type":"","overlay-color":"","overlay-opacity":"","overlay-gradient":""},"tablet":{"background-color":"var(--ast-global-color-4)","background-image":"","background-repeat":"repeat","background-position":"center center","background-size":"auto","background-attachment":"scroll","background-type":"","background-media":"","overlay-type":"","overlay-color":"","overlay-opacity":"","overlay-gradient":""},"mobile":{"background-color":"var(--ast-global-color-4)","background-image":"","background-repeat":"repeat","background-position":"center center","background-size":"auto","background-attachment":"scroll","background-type":"","background-media":"","overlay-type":"","overlay-color":"","overlay-opacity":"","overlay-gradient":""}}},"product_brand":[],"product_cat":[30],"product_tag":[],"class_list":{"0":"post-869","1":"product","2":"type-product","3":"status-publish","4":"has-post-thumbnail","6":"product_cat-revoques","7":"desktop-align-left","8":"tablet-align-left","9":"mobile-align-left","10":"ast-product-gallery-layout-horizontal-slider","11":"ast-product-gallery-with-no-image","12":"ast-product-tabs-layout-horizontal","14":"first","15":"instock","16":"taxable","17":"shipping-taxable","18":"purchasable","19":"product-type-simple"},"yoast_head":"<!-- This site is optimized with the Yoast SEO plugin v27.5 - https:\/\/yoast.com\/product\/yoast-seo-wordpress\/ -->\n<title>JuntaFlex (Mortero - Masilla para juntas) [28 Kg] - procolmat.com<\/title>\n<meta name=\"description\" content=\"Es un MORTERO \u2013MASILLA Sismo Resistente, el\u00e1stico con pol\u00edmeros elastom\u00e9ricos de alta elongaci\u00f3n basado en agua, lo cual permite desarrollar alta capacidad de movimiento y alta adherencia.\" \/>\n<meta name=\"robots\" content=\"index, follow, max-snippet:-1, max-image-preview:large, max-video-preview:-1\" \/>\n<link rel=\"canonical\" href=\"https:\/\/procolmat.com\/en\/product\/juntaflex-28-kg\/\" \/>\n<meta property=\"og:locale\" content=\"en_US\" \/>\n<meta property=\"og:type\" content=\"article\" \/>\n<meta property=\"og:title\" content=\"JuntaFlex (Mortero - Masilla para juntas) [28 Kg] - procolmat.com\" \/>\n<meta property=\"og:description\" content=\"Es un MORTERO \u2013MASILLA Sismo Resistente, el\u00e1stico con pol\u00edmeros elastom\u00e9ricos de alta elongaci\u00f3n basado en agua, lo cual permite desarrollar alta capacidad de movimiento y alta adherencia.\" \/>\n<meta property=\"og:url\" content=\"https:\/\/procolmat.com\/en\/product\/juntaflex-28-kg\/\" \/>\n<meta property=\"og:site_name\" content=\"procolmat.com\" \/>\n<meta property=\"article:modified_time\" content=\"2023-04-03T19:30:57+00:00\" \/>\n<meta property=\"og:image\" content=\"https:\/\/procolmat.com\/wp-content\/uploads\/2021\/03\/juntaflex.png\" \/>\n\t<meta property=\"og:image:width\" content=\"600\" \/>\n\t<meta property=\"og:image:height\" content=\"700\" \/>\n\t<meta property=\"og:image:type\" content=\"image\/png\" \/>\n<meta name=\"twitter:card\" content=\"summary_large_image\" \/>\n<meta name=\"twitter:label1\" content=\"Est. reading time\" \/>\n\t<meta name=\"twitter:data1\" content=\"1 minute\" \/>\n<script type=\"application\/ld+json\" class=\"yoast-schema-graph\">{\"@context\":\"https:\\\/\\\/schema.org\",\"@graph\":[{\"@type\":\"WebPage\",\"@id\":\"https:\\\/\\\/procolmat.com\\\/producto\\\/juntaflex-28-kg\\\/\",\"url\":\"https:\\\/\\\/procolmat.com\\\/producto\\\/juntaflex-28-kg\\\/\",\"name\":\"JuntaFlex (Mortero - Masilla para juntas) [28 Kg] - procolmat.com\",\"isPartOf\":{\"@id\":\"https:\\\/\\\/procolmat.com\\\/en\\\/#website\"},\"primaryImageOfPage\":{\"@id\":\"https:\\\/\\\/procolmat.com\\\/producto\\\/juntaflex-28-kg\\\/#primaryimage\"},\"image\":{\"@id\":\"https:\\\/\\\/procolmat.com\\\/producto\\\/juntaflex-28-kg\\\/#primaryimage\"},\"thumbnailUrl\":\"https:\\\/\\\/procolmat.com\\\/wp-content\\\/uploads\\\/2021\\\/03\\\/juntaflex.png\",\"datePublished\":\"2021-03-09T16:38:43+00:00\",\"dateModified\":\"2023-04-03T19:30:57+00:00\",\"description\":\"Es un MORTERO \u2013MASILLA Sismo Resistente, el\u00e1stico con pol\u00edmeros elastom\u00e9ricos de alta elongaci\u00f3n basado en agua, lo cual permite desarrollar alta capacidad de movimiento y alta adherencia.\",\"breadcrumb\":{\"@id\":\"https:\\\/\\\/procolmat.com\\\/producto\\\/juntaflex-28-kg\\\/#breadcrumb\"},\"inLanguage\":\"en-US\",\"potentialAction\":[{\"@type\":\"ReadAction\",\"target\":[\"https:\\\/\\\/procolmat.com\\\/producto\\\/juntaflex-28-kg\\\/\"]}]},{\"@type\":\"ImageObject\",\"inLanguage\":\"en-US\",\"@id\":\"https:\\\/\\\/procolmat.com\\\/producto\\\/juntaflex-28-kg\\\/#primaryimage\",\"url\":\"https:\\\/\\\/procolmat.com\\\/wp-content\\\/uploads\\\/2021\\\/03\\\/juntaflex.png\",\"contentUrl\":\"https:\\\/\\\/procolmat.com\\\/wp-content\\\/uploads\\\/2021\\\/03\\\/juntaflex.png\",\"width\":600,\"height\":700},{\"@type\":\"BreadcrumbList\",\"@id\":\"https:\\\/\\\/procolmat.com\\\/producto\\\/juntaflex-28-kg\\\/#breadcrumb\",\"itemListElement\":[{\"@type\":\"ListItem\",\"position\":1,\"name\":\"Portada\",\"item\":\"https:\\\/\\\/procolmat.com\\\/\"},{\"@type\":\"ListItem\",\"position\":2,\"name\":\"Productos\",\"item\":\"https:\\\/\\\/procolmat.com\\\/tienda\\\/\"},{\"@type\":\"ListItem\",\"position\":3,\"name\":\"JuntaFlex (Mortero &#8211; Masilla para juntas) [28 Kg]\"}]},{\"@type\":\"WebSite\",\"@id\":\"https:\\\/\\\/procolmat.com\\\/en\\\/#website\",\"url\":\"https:\\\/\\\/procolmat.com\\\/en\\\/\",\"name\":\"procolmat.com\",\"description\":\"\",\"potentialAction\":[{\"@type\":\"SearchAction\",\"target\":{\"@type\":\"EntryPoint\",\"urlTemplate\":\"https:\\\/\\\/procolmat.com\\\/en\\\/?s={search_term_string}\"},\"query-input\":{\"@type\":\"PropertyValueSpecification\",\"valueRequired\":true,\"valueName\":\"search_term_string\"}}],\"inLanguage\":\"en-US\"}]}<\/script>\n<!-- \/ Yoast SEO plugin. -->","yoast_head_json":{"title":"JuntaFlex (Mortero - Masilla para juntas) [28 Kg] - procolmat.com","description":"Es un MORTERO \u2013MASILLA Sismo Resistente, el\u00e1stico con pol\u00edmeros elastom\u00e9ricos de alta elongaci\u00f3n basado en agua, lo cual permite desarrollar alta capacidad de movimiento y alta adherencia.","robots":{"index":"index","follow":"follow","max-snippet":"max-snippet:-1","max-image-preview":"max-image-preview:large","max-video-preview":"max-video-preview:-1"},"canonical":"https:\/\/procolmat.com\/en\/product\/juntaflex-28-kg\/","og_locale":"en_US","og_type":"article","og_title":"JuntaFlex (Mortero - Masilla para juntas) [28 Kg] - procolmat.com","og_description":"Es un MORTERO \u2013MASILLA Sismo Resistente, el\u00e1stico con pol\u00edmeros elastom\u00e9ricos de alta elongaci\u00f3n basado en agua, lo cual permite desarrollar alta capacidad de movimiento y alta adherencia.","og_url":"https:\/\/procolmat.com\/en\/product\/juntaflex-28-kg\/","og_site_name":"procolmat.com","article_modified_time":"2023-04-03T19:30:57+00:00","og_image":[{"width":600,"height":700,"url":"https:\/\/procolmat.com\/wp-content\/uploads\/2021\/03\/juntaflex.png","type":"image\/png"}],"twitter_card":"summary_large_image","twitter_misc":{"Est. reading time":"1 minute"},"schema":{"@context":"https:\/\/schema.org","@graph":[{"@type":"WebPage","@id":"https:\/\/procolmat.com\/producto\/juntaflex-28-kg\/","url":"https:\/\/procolmat.com\/producto\/juntaflex-28-kg\/","name":"JuntaFlex (Mortero - Masilla para juntas) [28 Kg] - procolmat.com","isPartOf":{"@id":"https:\/\/procolmat.com\/en\/#website"},"primaryImageOfPage":{"@id":"https:\/\/procolmat.com\/producto\/juntaflex-28-kg\/#primaryimage"},"image":{"@id":"https:\/\/procolmat.com\/producto\/juntaflex-28-kg\/#primaryimage"},"thumbnailUrl":"https:\/\/procolmat.com\/wp-content\/uploads\/2021\/03\/juntaflex.png","datePublished":"2021-03-09T16:38:43+00:00","dateModified":"2023-04-03T19:30:57+00:00","description":"Es un MORTERO \u2013MASILLA Sismo Resistente, el\u00e1stico con pol\u00edmeros elastom\u00e9ricos de alta elongaci\u00f3n basado en agua, lo cual permite desarrollar alta capacidad de movimiento y alta adherencia.","breadcrumb":{"@id":"https:\/\/procolmat.com\/producto\/juntaflex-28-kg\/#breadcrumb"},"inLanguage":"en-US","potentialAction":[{"@type":"ReadAction","target":["https:\/\/procolmat.com\/producto\/juntaflex-28-kg\/"]}]},{"@type":"ImageObject","inLanguage":"en-US","@id":"https:\/\/procolmat.com\/producto\/juntaflex-28-kg\/#primaryimage","url":"https:\/\/procolmat.com\/wp-content\/uploads\/2021\/03\/juntaflex.png","contentUrl":"https:\/\/procolmat.com\/wp-content\/uploads\/2021\/03\/juntaflex.png","width":600,"height":700},{"@type":"BreadcrumbList","@id":"https:\/\/procolmat.com\/producto\/juntaflex-28-kg\/#breadcrumb","itemListElement":[{"@type":"ListItem","position":1,"name":"Portada","item":"https:\/\/procolmat.com\/"},{"@type":"ListItem","position":2,"name":"Productos","item":"https:\/\/procolmat.com\/tienda\/"},{"@type":"ListItem","position":3,"name":"JuntaFlex (Mortero &#8211; Masilla para juntas) [28 Kg]"}]},{"@type":"WebSite","@id":"https:\/\/procolmat.com\/en\/#website","url":"https:\/\/procolmat.com\/en\/","name":"Procolmat.com","description":"","potentialAction":[{"@type":"SearchAction","target":{"@type":"EntryPoint","urlTemplate":"https:\/\/procolmat.com\/en\/?s={search_term_string}"},"query-input":{"@type":"PropertyValueSpecification","valueRequired":true,"valueName":"search_term_string"}}],"inLanguage":"en-US"}]}},"_links":{"self":[{"href":"https:\/\/procolmat.com\/en\/wp-json\/wp\/v2\/product\/869","targetHints":{"allow":["GET"]}}],"collection":[{"href":"https:\/\/procolmat.com\/en\/wp-json\/wp\/v2\/product"}],"about":[{"href":"https:\/\/procolmat.com\/en\/wp-json\/wp\/v2\/types\/product"}],"replies":[{"embeddable":true,"href":"https:\/\/procolmat.com\/en\/wp-json\/wp\/v2\/comments?post=869"}],"wp:featuredmedia":[{"embeddable":true,"href":"https:\/\/procolmat.com\/en\/wp-json\/wp\/v2\/media\/870"}],"wp:attachment":[{"href":"https:\/\/procolmat.com\/en\/wp-json\/wp\/v2\/media?parent=869"}],"wp:term":[{"taxonomy":"product_brand","embeddable":true,"href":"https:\/\/procolmat.com\/en\/wp-json\/wp\/v2\/product_brand?post=869"},{"taxonomy":"product_cat","embeddable":true,"href":"https:\/\/procolmat.com\/en\/wp-json\/wp\/v2\/product_cat?post=869"},{"taxonomy":"product_tag","embeddable":true,"href":"https:\/\/procolmat.com\/en\/wp-json\/wp\/v2\/product_tag?post=869"}],"curies":[{"name":"wp","href":"https:\/\/api.w.org\/{rel}","templated":true}]}}