{"id":860,"date":"2021-03-09T14:40:03","date_gmt":"2021-03-09T14:40:03","guid":{"rendered":"https:\/\/procolmat.com\/?post_type=product&#038;p=860"},"modified":"2025-02-15T20:47:03","modified_gmt":"2025-02-15T20:47:03","slug":"fortestuco-plastico-exteriores-25-kg","status":"publish","type":"product","link":"https:\/\/procolmat.com\/en\/product\/fortestuco-plastico-exteriores-25-kg\/","title":{"rendered":"Estuco Pl\u00e1stico para Exteriores Procolmat (Antes Fortestuco) [28 Kg]"},"content":{"rendered":"<p>ESTUCO PL\u00c1STICO PROCOLMAT\u00ae es un estuco pl\u00e1stico nivelante listo para usar. Fabricado con ligantes y materiales llenantes de alta especificaci\u00f3n.<\/p>\n<p>Puedes ver la <strong>ficha t\u00e9cnica<\/strong> de este producto <strong>dando clic<\/strong> en el siguiente enlace:<\/p>\n<p><a href=\"https:\/\/procolmat.com\/wp-content\/uploads\/2020\/10\/Estuco-Plastico-2-interiores-Ficha-Tecnica.pdf\">Estuco Pl\u00e1stico &#8211; Ficha Tecnica<\/a><\/p>","protected":false},"excerpt":{"rendered":"<p>Conoce todo sobre nuestro estuco pre-acabado. Viene listo para usar y est\u00e1 desarrollado para tratar las superficies que posteriormente ser\u00e1n pintadas. Especial para espacios exteriores.<\/p>","protected":false},"featured_media":1045,"comment_status":"open","ping_status":"closed","template":"","meta":{"zakra_page_container_layout":"customizer","zakra_page_sidebar_layout":"customizer","zakra_remove_content_margin":false,"zakra_sidebar":"customizer","zakra_transparent_header":"customizer","zakra_logo":0,"zakra_main_header_style":"default","zakra_menu_item_color":"","zakra_menu_item_hover_color":"","zakra_menu_item_active_color":"","zakra_menu_active_style":"","zakra_page_header":true},"product_cat":[24],"product_tag":[],"yoast_head":"<!-- This site is optimized with the Yoast SEO plugin v23.5 - https:\/\/yoast.com\/wordpress\/plugins\/seo\/ -->\n<title>Estuco Pl\u00e1stico para Exteriores Procolmat (Antes Fortestuco) [28 Kg] - procolmat.com<\/title>\n<meta name=\"description\" content=\"FORTESTUCO\u00ae PL\u00c1STICO es un estuco pl\u00e1stico nivelante listo para usar. Dise\u00f1ado para acabados y resanes en superficies que posteriormente vayan a ser pintadas. Da resistencia a las humedades y ambientes adversos.\" \/>\n<meta name=\"robots\" content=\"index, follow, max-snippet:-1, max-image-preview:large, max-video-preview:-1\" \/>\n<link rel=\"canonical\" href=\"https:\/\/procolmat.com\/en\/product\/fortestuco-plastico-exteriores-25-kg\/\" \/>\n<meta property=\"og:locale\" content=\"en_US\" \/>\n<meta property=\"og:type\" content=\"article\" \/>\n<meta property=\"og:title\" content=\"Estuco Pl\u00e1stico para Exteriores Procolmat (Antes Fortestuco) [28 Kg] - procolmat.com\" \/>\n<meta property=\"og:description\" content=\"FORTESTUCO\u00ae PL\u00c1STICO es un estuco pl\u00e1stico nivelante listo para usar. Dise\u00f1ado para acabados y resanes en superficies que posteriormente vayan a ser pintadas. Da resistencia a las humedades y ambientes adversos.\" \/>\n<meta property=\"og:url\" content=\"https:\/\/procolmat.com\/en\/product\/fortestuco-plastico-exteriores-25-kg\/\" \/>\n<meta property=\"og:site_name\" content=\"procolmat.com\" \/>\n<meta property=\"article:modified_time\" content=\"2025-02-15T20:47:03+00:00\" \/>\n<meta property=\"og:image\" content=\"https:\/\/procolmat.com\/wp-content\/uploads\/2020\/10\/28kg.png\" \/>\n\t<meta property=\"og:image:width\" content=\"602\" \/>\n\t<meta property=\"og:image:height\" content=\"700\" \/>\n\t<meta property=\"og:image:type\" content=\"image\/png\" \/>\n<meta name=\"twitter:card\" content=\"summary_large_image\" \/>\n<meta name=\"twitter:label1\" content=\"Est. reading time\" \/>\n\t<meta name=\"twitter:data1\" content=\"1 minute\" \/>\n<script type=\"application\/ld+json\" class=\"yoast-schema-graph\">{\"@context\":\"https:\/\/schema.org\",\"@graph\":[{\"@type\":\"WebPage\",\"@id\":\"https:\/\/procolmat.com\/producto\/fortestuco-plastico-exteriores-25-kg\/\",\"url\":\"https:\/\/procolmat.com\/producto\/fortestuco-plastico-exteriores-25-kg\/\",\"name\":\"Estuco Pl\u00e1stico para Exteriores Procolmat (Antes Fortestuco) [28 Kg] - procolmat.com\",\"isPartOf\":{\"@id\":\"https:\/\/procolmat.com\/en\/#website\"},\"primaryImageOfPage\":{\"@id\":\"https:\/\/procolmat.com\/producto\/fortestuco-plastico-exteriores-25-kg\/#primaryimage\"},\"image\":{\"@id\":\"https:\/\/procolmat.com\/producto\/fortestuco-plastico-exteriores-25-kg\/#primaryimage\"},\"thumbnailUrl\":\"https:\/\/procolmat.com\/wp-content\/uploads\/2020\/10\/28kg.png\",\"datePublished\":\"2021-03-09T14:40:03+00:00\",\"dateModified\":\"2025-02-15T20:47:03+00:00\",\"description\":\"FORTESTUCO\u00ae PL\u00c1STICO es un estuco pl\u00e1stico nivelante listo para usar. Dise\u00f1ado para acabados y resanes en superficies que posteriormente vayan a ser pintadas. Da resistencia a las humedades y ambientes adversos.\",\"breadcrumb\":{\"@id\":\"https:\/\/procolmat.com\/producto\/fortestuco-plastico-exteriores-25-kg\/#breadcrumb\"},\"inLanguage\":\"en-US\",\"potentialAction\":[{\"@type\":\"ReadAction\",\"target\":[\"https:\/\/procolmat.com\/producto\/fortestuco-plastico-exteriores-25-kg\/\"]}]},{\"@type\":\"ImageObject\",\"inLanguage\":\"en-US\",\"@id\":\"https:\/\/procolmat.com\/producto\/fortestuco-plastico-exteriores-25-kg\/#primaryimage\",\"url\":\"https:\/\/procolmat.com\/wp-content\/uploads\/2020\/10\/28kg.png\",\"contentUrl\":\"https:\/\/procolmat.com\/wp-content\/uploads\/2020\/10\/28kg.png\",\"width\":602,\"height\":700},{\"@type\":\"BreadcrumbList\",\"@id\":\"https:\/\/procolmat.com\/producto\/fortestuco-plastico-exteriores-25-kg\/#breadcrumb\",\"itemListElement\":[{\"@type\":\"ListItem\",\"position\":1,\"name\":\"Portada\",\"item\":\"https:\/\/procolmat.com\/\"},{\"@type\":\"ListItem\",\"position\":2,\"name\":\"Productos\",\"item\":\"https:\/\/procolmat.com\/tienda\/\"},{\"@type\":\"ListItem\",\"position\":3,\"name\":\"Estuco Pl\u00e1stico para Exteriores Procolmat (Antes Fortestuco) [28 Kg]\"}]},{\"@type\":\"WebSite\",\"@id\":\"https:\/\/procolmat.com\/en\/#website\",\"url\":\"https:\/\/procolmat.com\/en\/\",\"name\":\"procolmat.com\",\"description\":\"\",\"publisher\":{\"@id\":\"https:\/\/procolmat.com\/en\/#organization\"},\"potentialAction\":[{\"@type\":\"SearchAction\",\"target\":{\"@type\":\"EntryPoint\",\"urlTemplate\":\"https:\/\/procolmat.com\/en\/?s={search_term_string}\"},\"query-input\":{\"@type\":\"PropertyValueSpecification\",\"valueRequired\":true,\"valueName\":\"search_term_string\"}}],\"inLanguage\":\"en-US\"},{\"@type\":\"Organization\",\"@id\":\"https:\/\/procolmat.com\/en\/#organization\",\"name\":\"procolmat.com\",\"url\":\"https:\/\/procolmat.com\/en\/\",\"logo\":{\"@type\":\"ImageObject\",\"inLanguage\":\"en-US\",\"@id\":\"https:\/\/procolmat.com\/en\/#\/schema\/logo\/image\/\",\"url\":\"https:\/\/procolmat.com\/wp-content\/uploads\/2021\/01\/cropped-LOGO-PROCOLMAT-PQ-3.png\",\"contentUrl\":\"https:\/\/procolmat.com\/wp-content\/uploads\/2021\/01\/cropped-LOGO-PROCOLMAT-PQ-3.png\",\"width\":300,\"height\":121,\"caption\":\"procolmat.com\"},\"image\":{\"@id\":\"https:\/\/procolmat.com\/en\/#\/schema\/logo\/image\/\"}}]}<\/script>\n<!-- \/ Yoast SEO plugin. -->","yoast_head_json":{"title":"Estuco Pl\u00e1stico para Exteriores Procolmat (Antes Fortestuco) [28 Kg] - procolmat.com","description":"FORTESTUCO\u00ae PL\u00c1STICO es un estuco pl\u00e1stico nivelante listo para usar. Dise\u00f1ado para acabados y resanes en superficies que posteriormente vayan a ser pintadas. Da resistencia a las humedades y ambientes adversos.","robots":{"index":"index","follow":"follow","max-snippet":"max-snippet:-1","max-image-preview":"max-image-preview:large","max-video-preview":"max-video-preview:-1"},"canonical":"https:\/\/procolmat.com\/en\/product\/fortestuco-plastico-exteriores-25-kg\/","og_locale":"en_US","og_type":"article","og_title":"Estuco Pl\u00e1stico para Exteriores Procolmat (Antes Fortestuco) [28 Kg] - procolmat.com","og_description":"FORTESTUCO\u00ae PL\u00c1STICO es un estuco pl\u00e1stico nivelante listo para usar. Dise\u00f1ado para acabados y resanes en superficies que posteriormente vayan a ser pintadas. Da resistencia a las humedades y ambientes adversos.","og_url":"https:\/\/procolmat.com\/en\/product\/fortestuco-plastico-exteriores-25-kg\/","og_site_name":"procolmat.com","article_modified_time":"2025-02-15T20:47:03+00:00","og_image":[{"width":602,"height":700,"url":"https:\/\/procolmat.com\/wp-content\/uploads\/2020\/10\/28kg.png","type":"image\/png"}],"twitter_card":"summary_large_image","twitter_misc":{"Est. reading time":"1 minute"},"schema":{"@context":"https:\/\/schema.org","@graph":[{"@type":"WebPage","@id":"https:\/\/procolmat.com\/producto\/fortestuco-plastico-exteriores-25-kg\/","url":"https:\/\/procolmat.com\/producto\/fortestuco-plastico-exteriores-25-kg\/","name":"Estuco Pl\u00e1stico para Exteriores Procolmat (Antes Fortestuco) [28 Kg] - procolmat.com","isPartOf":{"@id":"https:\/\/procolmat.com\/en\/#website"},"primaryImageOfPage":{"@id":"https:\/\/procolmat.com\/producto\/fortestuco-plastico-exteriores-25-kg\/#primaryimage"},"image":{"@id":"https:\/\/procolmat.com\/producto\/fortestuco-plastico-exteriores-25-kg\/#primaryimage"},"thumbnailUrl":"https:\/\/procolmat.com\/wp-content\/uploads\/2020\/10\/28kg.png","datePublished":"2021-03-09T14:40:03+00:00","dateModified":"2025-02-15T20:47:03+00:00","description":"FORTESTUCO\u00ae PL\u00c1STICO es un estuco pl\u00e1stico nivelante listo para usar. Dise\u00f1ado para acabados y resanes en superficies que posteriormente vayan a ser pintadas. Da resistencia a las humedades y ambientes adversos.","breadcrumb":{"@id":"https:\/\/procolmat.com\/producto\/fortestuco-plastico-exteriores-25-kg\/#breadcrumb"},"inLanguage":"en-US","potentialAction":[{"@type":"ReadAction","target":["https:\/\/procolmat.com\/producto\/fortestuco-plastico-exteriores-25-kg\/"]}]},{"@type":"ImageObject","inLanguage":"en-US","@id":"https:\/\/procolmat.com\/producto\/fortestuco-plastico-exteriores-25-kg\/#primaryimage","url":"https:\/\/procolmat.com\/wp-content\/uploads\/2020\/10\/28kg.png","contentUrl":"https:\/\/procolmat.com\/wp-content\/uploads\/2020\/10\/28kg.png","width":602,"height":700},{"@type":"BreadcrumbList","@id":"https:\/\/procolmat.com\/producto\/fortestuco-plastico-exteriores-25-kg\/#breadcrumb","itemListElement":[{"@type":"ListItem","position":1,"name":"Portada","item":"https:\/\/procolmat.com\/"},{"@type":"ListItem","position":2,"name":"Productos","item":"https:\/\/procolmat.com\/tienda\/"},{"@type":"ListItem","position":3,"name":"Estuco Pl\u00e1stico para Exteriores Procolmat (Antes Fortestuco) [28 Kg]"}]},{"@type":"WebSite","@id":"https:\/\/procolmat.com\/en\/#website","url":"https:\/\/procolmat.com\/en\/","name":"procolmat.com","description":"","publisher":{"@id":"https:\/\/procolmat.com\/en\/#organization"},"potentialAction":[{"@type":"SearchAction","target":{"@type":"EntryPoint","urlTemplate":"https:\/\/procolmat.com\/en\/?s={search_term_string}"},"query-input":{"@type":"PropertyValueSpecification","valueRequired":true,"valueName":"search_term_string"}}],"inLanguage":"en-US"},{"@type":"Organization","@id":"https:\/\/procolmat.com\/en\/#organization","name":"procolmat.com","url":"https:\/\/procolmat.com\/en\/","logo":{"@type":"ImageObject","inLanguage":"en-US","@id":"https:\/\/procolmat.com\/en\/#\/schema\/logo\/image\/","url":"https:\/\/procolmat.com\/wp-content\/uploads\/2021\/01\/cropped-LOGO-PROCOLMAT-PQ-3.png","contentUrl":"https:\/\/procolmat.com\/wp-content\/uploads\/2021\/01\/cropped-LOGO-PROCOLMAT-PQ-3.png","width":300,"height":121,"caption":"procolmat.com"},"image":{"@id":"https:\/\/procolmat.com\/en\/#\/schema\/logo\/image\/"}}]}},"_links":{"self":[{"href":"https:\/\/procolmat.com\/en\/wp-json\/wp\/v2\/product\/860"}],"collection":[{"href":"https:\/\/procolmat.com\/en\/wp-json\/wp\/v2\/product"}],"about":[{"href":"https:\/\/procolmat.com\/en\/wp-json\/wp\/v2\/types\/product"}],"replies":[{"embeddable":true,"href":"https:\/\/procolmat.com\/en\/wp-json\/wp\/v2\/comments?post=860"}],"wp:featuredmedia":[{"embeddable":true,"href":"https:\/\/procolmat.com\/en\/wp-json\/wp\/v2\/media\/1045"}],"wp:attachment":[{"href":"https:\/\/procolmat.com\/en\/wp-json\/wp\/v2\/media?parent=860"}],"wp:term":[{"taxonomy":"product_cat","embeddable":true,"href":"https:\/\/procolmat.com\/en\/wp-json\/wp\/v2\/product_cat?post=860"},{"taxonomy":"product_tag","embeddable":true,"href":"https:\/\/procolmat.com\/en\/wp-json\/wp\/v2\/product_tag?post=860"}],"curies":[{"name":"wp","href":"https:\/\/api.w.org\/{rel}","templated":true}]}}