{"id":1347,"date":"2025-12-03T00:20:45","date_gmt":"2025-12-03T00:20:45","guid":{"rendered":"https:\/\/procolmat.com\/?post_type=product&#038;p=1347"},"modified":"2025-12-03T01:00:36","modified_gmt":"2025-12-03T01:00:36","slug":"pintura-epoxica-catalizador","status":"publish","type":"product","link":"https:\/\/procolmat.com\/en\/product\/pintura-epoxica-catalizador\/","title":{"rendered":"Pintura Ep\u00f3xica + Catalizador"},"content":{"rendered":"<p><strong>PINTURA EP\u00d3XICA:<\/strong> base solvente de dos componentes que proporciona una pel\u00edcula con buena adherencia y flexibilidad en relaci\u00f3n de mezcla 1:1,<\/p>\n<p data-start=\"110\" data-end=\"430\">Recubrimiento ideal para <strong data-start=\"135\" data-end=\"152\">pisos y muros<\/strong> que necesitan un mantenimiento sencillo y duradero. Perfecto para <strong data-start=\"219\" data-end=\"298\">cocinas, bodegas, \u00e1reas de producci\u00f3n y espacios comerciales o industriales<\/strong>. Protege y embellece superficies de <strong data-start=\"335\" data-end=\"380\">concreto, metal, madera y asbesto-cemento<\/strong>, ofreciendo acabados <strong data-start=\"402\" data-end=\"429\">lisos o antideslizantes<\/strong>.<\/p>\n<p data-start=\"432\" data-end=\"619\">Funciona muy bien en interiores y, en exteriores, solo requiere un acabado adicional para evitar la decoloraci\u00f3n. No recomendado para inmersi\u00f3n continua ni para tanques de almacenamiento.<\/p>\n<p data-start=\"432\" data-end=\"619\"><strong>CATALIZADOR EPOXICO: <\/strong>Componente basado en resinas poliam\u00eddicas, empleado como agente<br \/>\ncurante para ser mezclado con sistemas ep\u00f3xicos, en <strong>PINTURAS EP\u00d3XICAS, <\/strong>Agente curante para pintura ep\u00f3xica que, al mezclarse con el componente A, forma una pel\u00edcula altamente flexible y de gran adherencia. Ofrece excelente resistencia a solventes arom\u00e1ticos, derivados del petr\u00f3leo, \u00e1cidos d\u00e9biles, \u00e1lcalis, sales y agua. Soporta temperaturas de hasta 70 \u00b0C en inmersi\u00f3n y a\u00fan m\u00e1s en condiciones secas, garantizando un acabado duradero y de alto rendimiento.<\/p>\n<p>Puedes ver la <strong>ficha t\u00e9cnica<\/strong> de este producto <strong>dando clic<\/strong> en el siguiente enlace:<\/p>\n<p><a href=\"https:\/\/procolmat.com\/wp-content\/uploads\/2025\/12\/FICHA-TECNICA-CATALIZADOR-EPOXICO.pdf\">FICHA TECNICA CATALIZADOR EPOXICO<\/a><\/p>\n<p><a href=\"https:\/\/procolmat.com\/wp-content\/uploads\/2025\/12\/FICHA-TECNICA-PINTURA-EPOXICA-1.pdf\">FICHA TECNICA PINTURA EP\u00d3XICA<\/a><\/p>","protected":false},"excerpt":{"rendered":"<p><strong>PINTURA EP\u00d3XICA:<\/strong> base solvente de dos componentes que proporciona una pel\u00edcula con buena adherencia y flexibilidad en relaci\u00f3n de mezcla 1:1,<\/p>\n<p data-start=\"110\" data-end=\"430\">Recubrimiento ideal para <strong data-start=\"135\" data-end=\"152\">pisos y muros<\/strong> que necesitan un mantenimiento sencillo y duradero. Perfecto para <strong data-start=\"219\" data-end=\"298\">cocinas, bodegas, \u00e1reas de producci\u00f3n y espacios comerciales o industriales<\/strong>. Protege y embellece superficies de <strong data-start=\"335\" data-end=\"380\">concreto, metal, madera y asbesto-cemento<\/strong>, ofreciendo acabados <strong data-start=\"402\" data-end=\"429\">lisos o antideslizantes<\/strong>.<\/p>\n<p data-start=\"432\" data-end=\"619\">Funciona muy bien en interiores y, en exteriores, solo requiere un acabado adicional para evitar la decoloraci\u00f3n. No recomendado para inmersi\u00f3n continua ni para tanques de almacenamiento.<\/p>\n<p data-start=\"432\" data-end=\"619\"><strong>CATALIZADOR EPOXICO: <\/strong>Componente basado en resinas poliam\u00eddicas, empleado como agente<br \/>\ncurante para ser mezclado con sistemas ep\u00f3xicos, en <strong>PINTURAS EP\u00d3XICAS, <\/strong>Agente curante para pintura ep\u00f3xica que, al mezclarse con el componente A, forma una pel\u00edcula altamente flexible y de gran adherencia. Ofrece excelente resistencia a solventes arom\u00e1ticos, derivados del petr\u00f3leo, \u00e1cidos d\u00e9biles, \u00e1lcalis, sales y agua. Soporta temperaturas de hasta 70 \u00b0C en inmersi\u00f3n y a\u00fan m\u00e1s en condiciones secas, garantizando un acabado duradero y de alto rendimiento.<\/p>","protected":false},"featured_media":1348,"comment_status":"open","ping_status":"closed","template":"","meta":{"zakra_page_container_layout":"customizer","zakra_page_sidebar_layout":"customizer","zakra_remove_content_margin":false,"zakra_sidebar":"customizer","zakra_transparent_header":"customizer","zakra_logo":0,"zakra_main_header_style":"default","zakra_menu_item_color":"","zakra_menu_item_hover_color":"","zakra_menu_item_active_color":"","zakra_menu_active_style":"","zakra_page_header":true},"product_cat":[26,25],"product_tag":[],"yoast_head":"<!-- This site is optimized with the Yoast SEO plugin v23.5 - https:\/\/yoast.com\/wordpress\/plugins\/seo\/ -->\n<title>Pintura Ep\u00f3xica + Catalizador - procolmat.com<\/title>\n<meta name=\"description\" content=\"Pintura a base de agua y resinas Vinylico acr\u00edlicas silanizadas y aditivos especiales que garantizan un bajo salpique en su aplicaci\u00f3n y alto poder cubriente. Formulada para el acabado de interiores sobre estucos, revoques y fibro - cemento.\" \/>\n<meta name=\"robots\" content=\"index, follow, max-snippet:-1, max-image-preview:large, max-video-preview:-1\" \/>\n<link rel=\"canonical\" href=\"https:\/\/procolmat.com\/en\/product\/pintura-epoxica-catalizador\/\" \/>\n<meta property=\"og:locale\" content=\"en_US\" \/>\n<meta property=\"og:type\" content=\"article\" \/>\n<meta property=\"og:title\" content=\"Pintura Ep\u00f3xica + Catalizador - procolmat.com\" \/>\n<meta property=\"og:description\" content=\"Pintura a base de agua y resinas Vinylico acr\u00edlicas silanizadas y aditivos especiales que garantizan un bajo salpique en su aplicaci\u00f3n y alto poder cubriente. Formulada para el acabado de interiores sobre estucos, revoques y fibro - cemento.\" \/>\n<meta property=\"og:url\" content=\"https:\/\/procolmat.com\/en\/product\/pintura-epoxica-catalizador\/\" \/>\n<meta property=\"og:site_name\" content=\"procolmat.com\" \/>\n<meta property=\"article:modified_time\" content=\"2025-12-03T01:00:36+00:00\" \/>\n<meta property=\"og:image\" content=\"https:\/\/procolmat.com\/wp-content\/uploads\/2025\/12\/pintura-epoxicA-catalizador-2.png\" \/>\n\t<meta property=\"og:image:width\" content=\"1080\" \/>\n\t<meta property=\"og:image:height\" content=\"1080\" \/>\n\t<meta property=\"og:image:type\" content=\"image\/png\" \/>\n<meta name=\"twitter:card\" content=\"summary_large_image\" \/>\n<meta name=\"twitter:label1\" content=\"Est. reading time\" \/>\n\t<meta name=\"twitter:data1\" content=\"2 minutes\" \/>\n<script type=\"application\/ld+json\" class=\"yoast-schema-graph\">{\"@context\":\"https:\/\/schema.org\",\"@graph\":[{\"@type\":\"WebPage\",\"@id\":\"https:\/\/procolmat.com\/producto\/pintura-epoxica-catalizador\/\",\"url\":\"https:\/\/procolmat.com\/producto\/pintura-epoxica-catalizador\/\",\"name\":\"Pintura Ep\u00f3xica + Catalizador - procolmat.com\",\"isPartOf\":{\"@id\":\"https:\/\/procolmat.com\/en\/#website\"},\"primaryImageOfPage\":{\"@id\":\"https:\/\/procolmat.com\/producto\/pintura-epoxica-catalizador\/#primaryimage\"},\"image\":{\"@id\":\"https:\/\/procolmat.com\/producto\/pintura-epoxica-catalizador\/#primaryimage\"},\"thumbnailUrl\":\"https:\/\/procolmat.com\/wp-content\/uploads\/2025\/12\/pintura-epoxicA-catalizador-2.png\",\"datePublished\":\"2025-12-03T00:20:45+00:00\",\"dateModified\":\"2025-12-03T01:00:36+00:00\",\"description\":\"Pintura a base de agua y resinas Vinylico acr\u00edlicas silanizadas y aditivos especiales que garantizan un bajo salpique en su aplicaci\u00f3n y alto poder cubriente. Formulada para el acabado de interiores sobre estucos, revoques y fibro - cemento.\",\"breadcrumb\":{\"@id\":\"https:\/\/procolmat.com\/producto\/pintura-epoxica-catalizador\/#breadcrumb\"},\"inLanguage\":\"en-US\",\"potentialAction\":[{\"@type\":\"ReadAction\",\"target\":[\"https:\/\/procolmat.com\/producto\/pintura-epoxica-catalizador\/\"]}]},{\"@type\":\"ImageObject\",\"inLanguage\":\"en-US\",\"@id\":\"https:\/\/procolmat.com\/producto\/pintura-epoxica-catalizador\/#primaryimage\",\"url\":\"https:\/\/procolmat.com\/wp-content\/uploads\/2025\/12\/pintura-epoxicA-catalizador-2.png\",\"contentUrl\":\"https:\/\/procolmat.com\/wp-content\/uploads\/2025\/12\/pintura-epoxicA-catalizador-2.png\",\"width\":1080,\"height\":1080},{\"@type\":\"BreadcrumbList\",\"@id\":\"https:\/\/procolmat.com\/producto\/pintura-epoxica-catalizador\/#breadcrumb\",\"itemListElement\":[{\"@type\":\"ListItem\",\"position\":1,\"name\":\"Portada\",\"item\":\"https:\/\/procolmat.com\/\"},{\"@type\":\"ListItem\",\"position\":2,\"name\":\"Productos\",\"item\":\"https:\/\/procolmat.com\/tienda\/\"},{\"@type\":\"ListItem\",\"position\":3,\"name\":\"Pintura Ep\u00f3xica + Catalizador\"}]},{\"@type\":\"WebSite\",\"@id\":\"https:\/\/procolmat.com\/en\/#website\",\"url\":\"https:\/\/procolmat.com\/en\/\",\"name\":\"procolmat.com\",\"description\":\"\",\"publisher\":{\"@id\":\"https:\/\/procolmat.com\/en\/#organization\"},\"potentialAction\":[{\"@type\":\"SearchAction\",\"target\":{\"@type\":\"EntryPoint\",\"urlTemplate\":\"https:\/\/procolmat.com\/en\/?s={search_term_string}\"},\"query-input\":{\"@type\":\"PropertyValueSpecification\",\"valueRequired\":true,\"valueName\":\"search_term_string\"}}],\"inLanguage\":\"en-US\"},{\"@type\":\"Organization\",\"@id\":\"https:\/\/procolmat.com\/en\/#organization\",\"name\":\"procolmat.com\",\"url\":\"https:\/\/procolmat.com\/en\/\",\"logo\":{\"@type\":\"ImageObject\",\"inLanguage\":\"en-US\",\"@id\":\"https:\/\/procolmat.com\/en\/#\/schema\/logo\/image\/\",\"url\":\"https:\/\/procolmat.com\/wp-content\/uploads\/2021\/01\/cropped-LOGO-PROCOLMAT-PQ-3.png\",\"contentUrl\":\"https:\/\/procolmat.com\/wp-content\/uploads\/2021\/01\/cropped-LOGO-PROCOLMAT-PQ-3.png\",\"width\":300,\"height\":121,\"caption\":\"procolmat.com\"},\"image\":{\"@id\":\"https:\/\/procolmat.com\/en\/#\/schema\/logo\/image\/\"}}]}<\/script>\n<!-- \/ Yoast SEO plugin. -->","yoast_head_json":{"title":"Pintura Ep\u00f3xica + Catalizador - procolmat.com","description":"Pintura a base de agua y resinas Vinylico acr\u00edlicas silanizadas y aditivos especiales que garantizan un bajo salpique en su aplicaci\u00f3n y alto poder cubriente. Formulada para el acabado de interiores sobre estucos, revoques y fibro - cemento.","robots":{"index":"index","follow":"follow","max-snippet":"max-snippet:-1","max-image-preview":"max-image-preview:large","max-video-preview":"max-video-preview:-1"},"canonical":"https:\/\/procolmat.com\/en\/product\/pintura-epoxica-catalizador\/","og_locale":"en_US","og_type":"article","og_title":"Pintura Ep\u00f3xica + Catalizador - procolmat.com","og_description":"Pintura a base de agua y resinas Vinylico acr\u00edlicas silanizadas y aditivos especiales que garantizan un bajo salpique en su aplicaci\u00f3n y alto poder cubriente. Formulada para el acabado de interiores sobre estucos, revoques y fibro - cemento.","og_url":"https:\/\/procolmat.com\/en\/product\/pintura-epoxica-catalizador\/","og_site_name":"procolmat.com","article_modified_time":"2025-12-03T01:00:36+00:00","og_image":[{"width":1080,"height":1080,"url":"https:\/\/procolmat.com\/wp-content\/uploads\/2025\/12\/pintura-epoxicA-catalizador-2.png","type":"image\/png"}],"twitter_card":"summary_large_image","twitter_misc":{"Est. reading time":"2 minutes"},"schema":{"@context":"https:\/\/schema.org","@graph":[{"@type":"WebPage","@id":"https:\/\/procolmat.com\/producto\/pintura-epoxica-catalizador\/","url":"https:\/\/procolmat.com\/producto\/pintura-epoxica-catalizador\/","name":"Pintura Ep\u00f3xica + Catalizador - procolmat.com","isPartOf":{"@id":"https:\/\/procolmat.com\/en\/#website"},"primaryImageOfPage":{"@id":"https:\/\/procolmat.com\/producto\/pintura-epoxica-catalizador\/#primaryimage"},"image":{"@id":"https:\/\/procolmat.com\/producto\/pintura-epoxica-catalizador\/#primaryimage"},"thumbnailUrl":"https:\/\/procolmat.com\/wp-content\/uploads\/2025\/12\/pintura-epoxicA-catalizador-2.png","datePublished":"2025-12-03T00:20:45+00:00","dateModified":"2025-12-03T01:00:36+00:00","description":"Pintura a base de agua y resinas Vinylico acr\u00edlicas silanizadas y aditivos especiales que garantizan un bajo salpique en su aplicaci\u00f3n y alto poder cubriente. Formulada para el acabado de interiores sobre estucos, revoques y fibro - cemento.","breadcrumb":{"@id":"https:\/\/procolmat.com\/producto\/pintura-epoxica-catalizador\/#breadcrumb"},"inLanguage":"en-US","potentialAction":[{"@type":"ReadAction","target":["https:\/\/procolmat.com\/producto\/pintura-epoxica-catalizador\/"]}]},{"@type":"ImageObject","inLanguage":"en-US","@id":"https:\/\/procolmat.com\/producto\/pintura-epoxica-catalizador\/#primaryimage","url":"https:\/\/procolmat.com\/wp-content\/uploads\/2025\/12\/pintura-epoxicA-catalizador-2.png","contentUrl":"https:\/\/procolmat.com\/wp-content\/uploads\/2025\/12\/pintura-epoxicA-catalizador-2.png","width":1080,"height":1080},{"@type":"BreadcrumbList","@id":"https:\/\/procolmat.com\/producto\/pintura-epoxica-catalizador\/#breadcrumb","itemListElement":[{"@type":"ListItem","position":1,"name":"Portada","item":"https:\/\/procolmat.com\/"},{"@type":"ListItem","position":2,"name":"Productos","item":"https:\/\/procolmat.com\/tienda\/"},{"@type":"ListItem","position":3,"name":"Pintura Ep\u00f3xica + Catalizador"}]},{"@type":"WebSite","@id":"https:\/\/procolmat.com\/en\/#website","url":"https:\/\/procolmat.com\/en\/","name":"procolmat.com","description":"","publisher":{"@id":"https:\/\/procolmat.com\/en\/#organization"},"potentialAction":[{"@type":"SearchAction","target":{"@type":"EntryPoint","urlTemplate":"https:\/\/procolmat.com\/en\/?s={search_term_string}"},"query-input":{"@type":"PropertyValueSpecification","valueRequired":true,"valueName":"search_term_string"}}],"inLanguage":"en-US"},{"@type":"Organization","@id":"https:\/\/procolmat.com\/en\/#organization","name":"procolmat.com","url":"https:\/\/procolmat.com\/en\/","logo":{"@type":"ImageObject","inLanguage":"en-US","@id":"https:\/\/procolmat.com\/en\/#\/schema\/logo\/image\/","url":"https:\/\/procolmat.com\/wp-content\/uploads\/2021\/01\/cropped-LOGO-PROCOLMAT-PQ-3.png","contentUrl":"https:\/\/procolmat.com\/wp-content\/uploads\/2021\/01\/cropped-LOGO-PROCOLMAT-PQ-3.png","width":300,"height":121,"caption":"procolmat.com"},"image":{"@id":"https:\/\/procolmat.com\/en\/#\/schema\/logo\/image\/"}}]}},"_links":{"self":[{"href":"https:\/\/procolmat.com\/en\/wp-json\/wp\/v2\/product\/1347"}],"collection":[{"href":"https:\/\/procolmat.com\/en\/wp-json\/wp\/v2\/product"}],"about":[{"href":"https:\/\/procolmat.com\/en\/wp-json\/wp\/v2\/types\/product"}],"replies":[{"embeddable":true,"href":"https:\/\/procolmat.com\/en\/wp-json\/wp\/v2\/comments?post=1347"}],"wp:featuredmedia":[{"embeddable":true,"href":"https:\/\/procolmat.com\/en\/wp-json\/wp\/v2\/media\/1348"}],"wp:attachment":[{"href":"https:\/\/procolmat.com\/en\/wp-json\/wp\/v2\/media?parent=1347"}],"wp:term":[{"taxonomy":"product_cat","embeddable":true,"href":"https:\/\/procolmat.com\/en\/wp-json\/wp\/v2\/product_cat?post=1347"},{"taxonomy":"product_tag","embeddable":true,"href":"https:\/\/procolmat.com\/en\/wp-json\/wp\/v2\/product_tag?post=1347"}],"curies":[{"name":"wp","href":"https:\/\/api.w.org\/{rel}","templated":true}]}}