{"id":1257,"date":"2025-02-18T01:31:03","date_gmt":"2025-02-18T01:31:03","guid":{"rendered":"https:\/\/procolmat.com\/?post_type=product&#038;p=1257"},"modified":"2025-02-18T02:21:14","modified_gmt":"2025-02-18T02:21:14","slug":"mortero-seco-grout-175-kg-cm2-saco-x40-kg","status":"publish","type":"product","link":"https:\/\/procolmat.com\/en\/product\/mortero-seco-grout-175-kg-cm2-saco-x40-kg\/","title":{"rendered":"Mortero seco Grout 175 kg \/cm2 &#8211; saco x 40kg"},"content":{"rendered":"<h4>Beneficios:<\/h4>\n<ul>\n<li><strong>Optimizaci\u00f3n de Recursos:<\/strong> Viene en sacos de 40 kg, facilitando su transporte y almacenamiento.<\/li>\n<li><strong>Disponibilidad Inmediata:<\/strong> Compra en l\u00ednea y recibe tu producto directamente en tu obra o domicilio.<\/li>\n<li>F\u00e1cil preparaci\u00f3n, solo agregar agua<\/li>\n<li>F\u00e1cil aplicaci\u00f3n, Mayor rendimiento<\/li>\n<li>Menor impacto ambiental<\/li>\n<\/ul>\n<p>&nbsp;<\/p>\n<p>Disponible ahora en l\u00ednea en Procolmat, el Mortero Pega &#8211; Pa\u00f1ete Tipo N es la elecci\u00f3n perfecta para tus proyectos de construcci\u00f3n y remodelaci\u00f3n. Dise\u00f1ado para ofrecer una resistencia de 175 kg\/cm\u00b2, este mortero asegura una adherencia y durabilidad excepcionales, ideal para trabajos de pega y pa\u00f1ete.<\/p>\n<p>&nbsp;<\/p>\n<p><a href=\"https:\/\/procolmat.com\/wp-content\/uploads\/2025\/02\/Ficha-Tecnica-Mortero-Grout-Mixpro_083028.pdf\">Para m\u00e1s revisa la ficha t\u00e9cnica aqu\u00ed:\u00a0 Ficha Tecnica mortero Grout<\/a><\/p>","protected":false},"excerpt":{"rendered":"<p>Disponible ahora en l\u00ednea en Procolmat, el Mortero Pega &#8211; Pa\u00f1ete Tipo N es la elecci\u00f3n perfecta para tus proyectos de construcci\u00f3n y remodelaci\u00f3n. Dise\u00f1ado para ofrecer una resistencia de 175 kg\/cm\u00b2, este mortero asegura una adherencia y durabilidad excepcionales, ideal para trabajos de pega y pa\u00f1ete.<\/p>\n<p>&nbsp;<\/p>\n<p><a href=\"https:\/\/procolmat.com\/wp-content\/uploads\/2025\/02\/Ficha-Tecnica-Mortero-Grout-Mixpro_083028.pdf\">Para m\u00e1s revisa la ficha t\u00e9cnica aqu\u00ed:\u00a0 Ficha Tecnica mortero Grout<\/a><\/p>","protected":false},"featured_media":1196,"comment_status":"open","ping_status":"closed","template":"","meta":{"site-sidebar-layout":"default","site-content-layout":"","ast-site-content-layout":"default","site-content-style":"default","site-sidebar-style":"default","ast-global-header-display":"","ast-banner-title-visibility":"","ast-main-header-display":"","ast-hfb-above-header-display":"","ast-hfb-below-header-display":"","ast-hfb-mobile-header-display":"","site-post-title":"","ast-breadcrumbs-content":"","ast-featured-img":"","footer-sml-layout":"","ast-disable-related-posts":"","theme-transparent-header-meta":"","adv-header-id-meta":"","stick-header-meta":"","header-above-stick-meta":"","header-main-stick-meta":"","header-below-stick-meta":"","astra-migrate-meta-layouts":"default","ast-page-background-enabled":"default","ast-page-background-meta":{"desktop":{"background-color":"var(--ast-global-color-5)","background-image":"","background-repeat":"repeat","background-position":"center center","background-size":"auto","background-attachment":"scroll","background-type":"","background-media":"","overlay-type":"","overlay-color":"","overlay-opacity":"","overlay-gradient":""},"tablet":{"background-color":"","background-image":"","background-repeat":"repeat","background-position":"center center","background-size":"auto","background-attachment":"scroll","background-type":"","background-media":"","overlay-type":"","overlay-color":"","overlay-opacity":"","overlay-gradient":""},"mobile":{"background-color":"","background-image":"","background-repeat":"repeat","background-position":"center center","background-size":"auto","background-attachment":"scroll","background-type":"","background-media":"","overlay-type":"","overlay-color":"","overlay-opacity":"","overlay-gradient":""}},"ast-content-background-meta":{"desktop":{"background-color":"var(--ast-global-color-4)","background-image":"","background-repeat":"repeat","background-position":"center center","background-size":"auto","background-attachment":"scroll","background-type":"","background-media":"","overlay-type":"","overlay-color":"","overlay-opacity":"","overlay-gradient":""},"tablet":{"background-color":"var(--ast-global-color-4)","background-image":"","background-repeat":"repeat","background-position":"center center","background-size":"auto","background-attachment":"scroll","background-type":"","background-media":"","overlay-type":"","overlay-color":"","overlay-opacity":"","overlay-gradient":""},"mobile":{"background-color":"var(--ast-global-color-4)","background-image":"","background-repeat":"repeat","background-position":"center center","background-size":"auto","background-attachment":"scroll","background-type":"","background-media":"","overlay-type":"","overlay-color":"","overlay-opacity":"","overlay-gradient":""}}},"product_brand":[],"product_cat":[44],"product_tag":[],"class_list":{"0":"post-1257","1":"product","2":"type-product","3":"status-publish","4":"has-post-thumbnail","6":"product_cat-morteros-secos","7":"desktop-align-left","8":"tablet-align-left","9":"mobile-align-left","10":"ast-product-gallery-layout-horizontal-slider","11":"ast-product-gallery-with-no-image","12":"ast-product-tabs-layout-horizontal","14":"first","15":"instock","16":"taxable","17":"shipping-taxable","18":"purchasable","19":"product-type-simple"},"yoast_head":"<!-- This site is optimized with the Yoast SEO plugin v27.5 - https:\/\/yoast.com\/product\/yoast-seo-wordpress\/ -->\n<title>Mortero seco Grout 175 kg \/cm2 - saco x 40kg -<\/title>\n<meta name=\"description\" content=\"Consigue el Mortero Pega - Pa\u00f1ete Tipo N en Procolmat y lleva tus proyectos de construcci\u00f3n al siguiente nivel con la calidad y confianza que mereces.\" \/>\n<meta name=\"robots\" content=\"index, follow, max-snippet:-1, max-image-preview:large, max-video-preview:-1\" \/>\n<link rel=\"canonical\" href=\"https:\/\/procolmat.com\/en\/product\/mortero-seco-grout-175-kg-cm2-saco-x40-kg\/\" \/>\n<meta property=\"og:locale\" content=\"en_US\" \/>\n<meta property=\"og:type\" content=\"article\" \/>\n<meta property=\"og:title\" content=\"Mortero seco Grout 175 kg \/cm2 - saco x 40kg -\" \/>\n<meta property=\"og:description\" content=\"Consigue el Mortero Pega - Pa\u00f1ete Tipo N en Procolmat y lleva tus proyectos de construcci\u00f3n al siguiente nivel con la calidad y confianza que mereces.\" \/>\n<meta property=\"og:url\" content=\"https:\/\/procolmat.com\/en\/product\/mortero-seco-grout-175-kg-cm2-saco-x40-kg\/\" \/>\n<meta property=\"article:modified_time\" content=\"2025-02-18T02:21:14+00:00\" \/>\n<meta property=\"og:image\" content=\"https:\/\/procolmat.com\/wp-content\/uploads\/2024\/07\/Pega-Panete.jpg\" \/>\n\t<meta property=\"og:image:width\" content=\"1000\" \/>\n\t<meta property=\"og:image:height\" content=\"1000\" \/>\n\t<meta property=\"og:image:type\" content=\"image\/jpeg\" \/>\n<meta name=\"twitter:card\" content=\"summary_large_image\" \/>\n<meta name=\"twitter:label1\" content=\"Est. reading time\" \/>\n\t<meta name=\"twitter:data1\" content=\"1 minute\" \/>\n<script type=\"application\/ld+json\" class=\"yoast-schema-graph\">{\"@context\":\"https:\\\/\\\/schema.org\",\"@graph\":[{\"@type\":\"WebPage\",\"@id\":\"https:\\\/\\\/procolmat.com\\\/producto\\\/mortero-seco-grout-175-kg-cm2-saco-x40-kg\\\/\",\"url\":\"https:\\\/\\\/procolmat.com\\\/producto\\\/mortero-seco-grout-175-kg-cm2-saco-x40-kg\\\/\",\"name\":\"Mortero seco Grout 175 kg \\\/cm2 - saco x 40kg -\",\"isPartOf\":{\"@id\":\"https:\\\/\\\/procolmat.com\\\/en\\\/#website\"},\"primaryImageOfPage\":{\"@id\":\"https:\\\/\\\/procolmat.com\\\/producto\\\/mortero-seco-grout-175-kg-cm2-saco-x40-kg\\\/#primaryimage\"},\"image\":{\"@id\":\"https:\\\/\\\/procolmat.com\\\/producto\\\/mortero-seco-grout-175-kg-cm2-saco-x40-kg\\\/#primaryimage\"},\"thumbnailUrl\":\"https:\\\/\\\/procolmat.com\\\/wp-content\\\/uploads\\\/2024\\\/07\\\/Pega-Panete.jpg\",\"datePublished\":\"2025-02-18T01:31:03+00:00\",\"dateModified\":\"2025-02-18T02:21:14+00:00\",\"description\":\"Consigue el Mortero Pega - Pa\u00f1ete Tipo N en Procolmat y lleva tus proyectos de construcci\u00f3n al siguiente nivel con la calidad y confianza que mereces.\",\"breadcrumb\":{\"@id\":\"https:\\\/\\\/procolmat.com\\\/producto\\\/mortero-seco-grout-175-kg-cm2-saco-x40-kg\\\/#breadcrumb\"},\"inLanguage\":\"en-US\",\"potentialAction\":[{\"@type\":\"ReadAction\",\"target\":[\"https:\\\/\\\/procolmat.com\\\/producto\\\/mortero-seco-grout-175-kg-cm2-saco-x40-kg\\\/\"]}]},{\"@type\":\"ImageObject\",\"inLanguage\":\"en-US\",\"@id\":\"https:\\\/\\\/procolmat.com\\\/producto\\\/mortero-seco-grout-175-kg-cm2-saco-x40-kg\\\/#primaryimage\",\"url\":\"https:\\\/\\\/procolmat.com\\\/wp-content\\\/uploads\\\/2024\\\/07\\\/Pega-Panete.jpg\",\"contentUrl\":\"https:\\\/\\\/procolmat.com\\\/wp-content\\\/uploads\\\/2024\\\/07\\\/Pega-Panete.jpg\",\"width\":1000,\"height\":1000,\"caption\":\"Mortero Pega - Pa\u00f1ete: Tipo N 75 kg\\\/cm2\"},{\"@type\":\"BreadcrumbList\",\"@id\":\"https:\\\/\\\/procolmat.com\\\/producto\\\/mortero-seco-grout-175-kg-cm2-saco-x40-kg\\\/#breadcrumb\",\"itemListElement\":[{\"@type\":\"ListItem\",\"position\":1,\"name\":\"Portada\",\"item\":\"https:\\\/\\\/procolmat.com\\\/\"},{\"@type\":\"ListItem\",\"position\":2,\"name\":\"Productos\",\"item\":\"https:\\\/\\\/procolmat.com\\\/tienda\\\/\"},{\"@type\":\"ListItem\",\"position\":3,\"name\":\"Mortero seco Grout 175 kg \\\/cm2 &#8211; saco x 40kg\"}]},{\"@type\":\"WebSite\",\"@id\":\"https:\\\/\\\/procolmat.com\\\/en\\\/#website\",\"url\":\"https:\\\/\\\/procolmat.com\\\/en\\\/\",\"name\":\"\",\"description\":\"\",\"potentialAction\":[{\"@type\":\"SearchAction\",\"target\":{\"@type\":\"EntryPoint\",\"urlTemplate\":\"https:\\\/\\\/procolmat.com\\\/en\\\/?s={search_term_string}\"},\"query-input\":{\"@type\":\"PropertyValueSpecification\",\"valueRequired\":true,\"valueName\":\"search_term_string\"}}],\"inLanguage\":\"en-US\"}]}<\/script>\n<!-- \/ Yoast SEO plugin. -->","yoast_head_json":{"title":"Mortero seco Grout 175 kg \/cm2 - saco x 40kg -","description":"Consigue el Mortero Pega - Pa\u00f1ete Tipo N en Procolmat y lleva tus proyectos de construcci\u00f3n al siguiente nivel con la calidad y confianza que mereces.","robots":{"index":"index","follow":"follow","max-snippet":"max-snippet:-1","max-image-preview":"max-image-preview:large","max-video-preview":"max-video-preview:-1"},"canonical":"https:\/\/procolmat.com\/en\/product\/mortero-seco-grout-175-kg-cm2-saco-x40-kg\/","og_locale":"en_US","og_type":"article","og_title":"Mortero seco Grout 175 kg \/cm2 - saco x 40kg -","og_description":"Consigue el Mortero Pega - Pa\u00f1ete Tipo N en Procolmat y lleva tus proyectos de construcci\u00f3n al siguiente nivel con la calidad y confianza que mereces.","og_url":"https:\/\/procolmat.com\/en\/product\/mortero-seco-grout-175-kg-cm2-saco-x40-kg\/","article_modified_time":"2025-02-18T02:21:14+00:00","og_image":[{"width":1000,"height":1000,"url":"https:\/\/procolmat.com\/wp-content\/uploads\/2024\/07\/Pega-Panete.jpg","type":"image\/jpeg"}],"twitter_card":"summary_large_image","twitter_misc":{"Est. reading time":"1 minute"},"schema":{"@context":"https:\/\/schema.org","@graph":[{"@type":"WebPage","@id":"https:\/\/procolmat.com\/producto\/mortero-seco-grout-175-kg-cm2-saco-x40-kg\/","url":"https:\/\/procolmat.com\/producto\/mortero-seco-grout-175-kg-cm2-saco-x40-kg\/","name":"Mortero seco Grout 175 kg \/cm2 - saco x 40kg -","isPartOf":{"@id":"https:\/\/procolmat.com\/en\/#website"},"primaryImageOfPage":{"@id":"https:\/\/procolmat.com\/producto\/mortero-seco-grout-175-kg-cm2-saco-x40-kg\/#primaryimage"},"image":{"@id":"https:\/\/procolmat.com\/producto\/mortero-seco-grout-175-kg-cm2-saco-x40-kg\/#primaryimage"},"thumbnailUrl":"https:\/\/procolmat.com\/wp-content\/uploads\/2024\/07\/Pega-Panete.jpg","datePublished":"2025-02-18T01:31:03+00:00","dateModified":"2025-02-18T02:21:14+00:00","description":"Consigue el Mortero Pega - Pa\u00f1ete Tipo N en Procolmat y lleva tus proyectos de construcci\u00f3n al siguiente nivel con la calidad y confianza que mereces.","breadcrumb":{"@id":"https:\/\/procolmat.com\/producto\/mortero-seco-grout-175-kg-cm2-saco-x40-kg\/#breadcrumb"},"inLanguage":"en-US","potentialAction":[{"@type":"ReadAction","target":["https:\/\/procolmat.com\/producto\/mortero-seco-grout-175-kg-cm2-saco-x40-kg\/"]}]},{"@type":"ImageObject","inLanguage":"en-US","@id":"https:\/\/procolmat.com\/producto\/mortero-seco-grout-175-kg-cm2-saco-x40-kg\/#primaryimage","url":"https:\/\/procolmat.com\/wp-content\/uploads\/2024\/07\/Pega-Panete.jpg","contentUrl":"https:\/\/procolmat.com\/wp-content\/uploads\/2024\/07\/Pega-Panete.jpg","width":1000,"height":1000,"caption":"Mortero Pega - Pa\u00f1ete: Tipo N 75 kg\/cm2"},{"@type":"BreadcrumbList","@id":"https:\/\/procolmat.com\/producto\/mortero-seco-grout-175-kg-cm2-saco-x40-kg\/#breadcrumb","itemListElement":[{"@type":"ListItem","position":1,"name":"Portada","item":"https:\/\/procolmat.com\/"},{"@type":"ListItem","position":2,"name":"Productos","item":"https:\/\/procolmat.com\/tienda\/"},{"@type":"ListItem","position":3,"name":"Mortero seco Grout 175 kg \/cm2 &#8211; saco x 40kg"}]},{"@type":"WebSite","@id":"https:\/\/procolmat.com\/en\/#website","url":"https:\/\/procolmat.com\/en\/","name":"","description":"","potentialAction":[{"@type":"SearchAction","target":{"@type":"EntryPoint","urlTemplate":"https:\/\/procolmat.com\/en\/?s={search_term_string}"},"query-input":{"@type":"PropertyValueSpecification","valueRequired":true,"valueName":"search_term_string"}}],"inLanguage":"en-US"}]}},"_links":{"self":[{"href":"https:\/\/procolmat.com\/en\/wp-json\/wp\/v2\/product\/1257","targetHints":{"allow":["GET"]}}],"collection":[{"href":"https:\/\/procolmat.com\/en\/wp-json\/wp\/v2\/product"}],"about":[{"href":"https:\/\/procolmat.com\/en\/wp-json\/wp\/v2\/types\/product"}],"replies":[{"embeddable":true,"href":"https:\/\/procolmat.com\/en\/wp-json\/wp\/v2\/comments?post=1257"}],"wp:featuredmedia":[{"embeddable":true,"href":"https:\/\/procolmat.com\/en\/wp-json\/wp\/v2\/media\/1196"}],"wp:attachment":[{"href":"https:\/\/procolmat.com\/en\/wp-json\/wp\/v2\/media?parent=1257"}],"wp:term":[{"taxonomy":"product_brand","embeddable":true,"href":"https:\/\/procolmat.com\/en\/wp-json\/wp\/v2\/product_brand?post=1257"},{"taxonomy":"product_cat","embeddable":true,"href":"https:\/\/procolmat.com\/en\/wp-json\/wp\/v2\/product_cat?post=1257"},{"taxonomy":"product_tag","embeddable":true,"href":"https:\/\/procolmat.com\/en\/wp-json\/wp\/v2\/product_tag?post=1257"}],"curies":[{"name":"wp","href":"https:\/\/api.w.org\/{rel}","templated":true}]}}