{"id":1115,"date":"2022-10-12T16:45:35","date_gmt":"2022-10-12T16:45:35","guid":{"rendered":"https:\/\/procolmat.com\/?post_type=product&#038;p=1115"},"modified":"2024-02-20T14:51:27","modified_gmt":"2024-02-20T14:51:27","slug":"impermeabilizante-premium-procolmat-1-4-gal","status":"publish","type":"product","link":"https:\/\/procolmat.com\/en\/product\/impermeabilizante-premium-procolmat-1-4-gal\/","title":{"rendered":"Impermeabilizante Premium Procolmat [1\/4 Gal]"},"content":{"rendered":"<p>IMPERMEABILIZANTE PROCOLMAT es un sellador para techos y terrazas acr\u00edlico y elastomerico. Cuenta con una alta resistencia al agua y acondiciones clim\u00e1ticas extremas, el cual se puede aplicar en la mayor\u00eda de las superficies sin necesidad de utilizar ning\u00fan primer. Su membrana altamente flexible le permite contraerse y expandirse sin afectar la adhesi\u00f3n del mismo a la superficie, convirti\u00e9ndolo as\u00ed en la soluci\u00f3n ideal para corregir alteraciones y humedades en techo y terrazas causadas por capilaridad, grietas o uniones. Puede ser usado en concreto, techos de asfalto, madera, metal, laminas de zinc y superficies de espuma de uretano.<\/p>\n<p>Para m\u00e1s revisa la ficha t\u00e9cnica aqu\u00ed: <a href=\"https:\/\/procolmat.com\/wp-content\/uploads\/2022\/10\/Impermeabilizante-procolmat-Ficha-Tecnica.pdf\">Impermeabilizante procolmat &#8211; Ficha Tecnica<\/a><\/p>","protected":false},"excerpt":{"rendered":"<p>Gracias a su formula que forma una pel\u00edcula m\u00e1s sellada por lo que es dos veces m\u00e1s impermeable y mantiene sus propiedades por m\u00e1s tiempo.<\/p>","protected":false},"featured_media":1116,"comment_status":"open","ping_status":"closed","template":"","meta":{"zakra_page_container_layout":"customizer","zakra_page_sidebar_layout":"customizer","zakra_remove_content_margin":false,"zakra_sidebar":"customizer","zakra_transparent_header":"customizer","zakra_logo":0,"zakra_main_header_style":"default","zakra_menu_item_color":"","zakra_menu_item_hover_color":"","zakra_menu_item_active_color":"","zakra_menu_active_style":"","zakra_page_header":true},"product_cat":[33],"product_tag":[],"yoast_head":"<!-- This site is optimized with the Yoast SEO plugin v23.5 - https:\/\/yoast.com\/wordpress\/plugins\/seo\/ -->\n<title>Impermeabilizante Premium Procolmat [1\/4 Gal] - procolmat.com<\/title>\n<meta name=\"description\" content=\"IMPERMEABILIZANTE PROCOLMAT es un sellador para techos y terrazas acr\u00edlico y elastomerico. Cuenta con una alta resistencia al agua y acondiciones clim\u00e1ticas extremas, su membrana altamente flexible le permite contraerse y expandirse sin afectar la adhesi\u00f3n del mismo a la superficie. Puede ser usado en concreto, techos de asfalto, madera, metal, laminas de zinc y superficies de espuma de uretano.\" \/>\n<meta name=\"robots\" content=\"index, follow, max-snippet:-1, max-image-preview:large, max-video-preview:-1\" \/>\n<link rel=\"canonical\" href=\"https:\/\/procolmat.com\/en\/product\/impermeabilizante-premium-procolmat-1-4-gal\/\" \/>\n<meta property=\"og:locale\" content=\"en_US\" \/>\n<meta property=\"og:type\" content=\"article\" \/>\n<meta property=\"og:title\" content=\"Impermeabilizante Premium Procolmat [1\/4 Gal] - procolmat.com\" \/>\n<meta property=\"og:description\" content=\"IMPERMEABILIZANTE PROCOLMAT es un sellador para techos y terrazas acr\u00edlico y elastomerico. Cuenta con una alta resistencia al agua y acondiciones clim\u00e1ticas extremas, su membrana altamente flexible le permite contraerse y expandirse sin afectar la adhesi\u00f3n del mismo a la superficie. Puede ser usado en concreto, techos de asfalto, madera, metal, laminas de zinc y superficies de espuma de uretano.\" \/>\n<meta property=\"og:url\" content=\"https:\/\/procolmat.com\/en\/product\/impermeabilizante-premium-procolmat-1-4-gal\/\" \/>\n<meta property=\"og:site_name\" content=\"procolmat.com\" \/>\n<meta property=\"article:modified_time\" content=\"2024-02-20T14:51:27+00:00\" \/>\n<meta property=\"og:image\" content=\"https:\/\/procolmat.com\/wp-content\/uploads\/2022\/10\/impermeabilzante-procolmat-1-4-gal.jpg\" \/>\n\t<meta property=\"og:image:width\" content=\"880\" \/>\n\t<meta property=\"og:image:height\" content=\"1168\" \/>\n\t<meta property=\"og:image:type\" content=\"image\/jpeg\" \/>\n<meta name=\"twitter:card\" content=\"summary_large_image\" \/>\n<meta name=\"twitter:label1\" content=\"Est. reading time\" \/>\n\t<meta name=\"twitter:data1\" content=\"1 minute\" \/>\n<script type=\"application\/ld+json\" class=\"yoast-schema-graph\">{\"@context\":\"https:\/\/schema.org\",\"@graph\":[{\"@type\":\"WebPage\",\"@id\":\"https:\/\/procolmat.com\/producto\/impermeabilizante-premium-procolmat-1-4-gal\/\",\"url\":\"https:\/\/procolmat.com\/producto\/impermeabilizante-premium-procolmat-1-4-gal\/\",\"name\":\"Impermeabilizante Premium Procolmat [1\/4 Gal] - procolmat.com\",\"isPartOf\":{\"@id\":\"https:\/\/procolmat.com\/en\/#website\"},\"primaryImageOfPage\":{\"@id\":\"https:\/\/procolmat.com\/producto\/impermeabilizante-premium-procolmat-1-4-gal\/#primaryimage\"},\"image\":{\"@id\":\"https:\/\/procolmat.com\/producto\/impermeabilizante-premium-procolmat-1-4-gal\/#primaryimage\"},\"thumbnailUrl\":\"https:\/\/procolmat.com\/wp-content\/uploads\/2022\/10\/impermeabilzante-procolmat-1-4-gal.jpg\",\"datePublished\":\"2022-10-12T16:45:35+00:00\",\"dateModified\":\"2024-02-20T14:51:27+00:00\",\"description\":\"IMPERMEABILIZANTE PROCOLMAT es un sellador para techos y terrazas acr\u00edlico y elastomerico. Cuenta con una alta resistencia al agua y acondiciones clim\u00e1ticas extremas, su membrana altamente flexible le permite contraerse y expandirse sin afectar la adhesi\u00f3n del mismo a la superficie. Puede ser usado en concreto, techos de asfalto, madera, metal, laminas de zinc y superficies de espuma de uretano.\",\"breadcrumb\":{\"@id\":\"https:\/\/procolmat.com\/producto\/impermeabilizante-premium-procolmat-1-4-gal\/#breadcrumb\"},\"inLanguage\":\"en-US\",\"potentialAction\":[{\"@type\":\"ReadAction\",\"target\":[\"https:\/\/procolmat.com\/producto\/impermeabilizante-premium-procolmat-1-4-gal\/\"]}]},{\"@type\":\"ImageObject\",\"inLanguage\":\"en-US\",\"@id\":\"https:\/\/procolmat.com\/producto\/impermeabilizante-premium-procolmat-1-4-gal\/#primaryimage\",\"url\":\"https:\/\/procolmat.com\/wp-content\/uploads\/2022\/10\/impermeabilzante-procolmat-1-4-gal.jpg\",\"contentUrl\":\"https:\/\/procolmat.com\/wp-content\/uploads\/2022\/10\/impermeabilzante-procolmat-1-4-gal.jpg\",\"width\":880,\"height\":1168},{\"@type\":\"BreadcrumbList\",\"@id\":\"https:\/\/procolmat.com\/producto\/impermeabilizante-premium-procolmat-1-4-gal\/#breadcrumb\",\"itemListElement\":[{\"@type\":\"ListItem\",\"position\":1,\"name\":\"Portada\",\"item\":\"https:\/\/procolmat.com\/\"},{\"@type\":\"ListItem\",\"position\":2,\"name\":\"Productos\",\"item\":\"https:\/\/procolmat.com\/tienda\/\"},{\"@type\":\"ListItem\",\"position\":3,\"name\":\"Impermeabilizante Premium Procolmat [1\/4 Gal]\"}]},{\"@type\":\"WebSite\",\"@id\":\"https:\/\/procolmat.com\/en\/#website\",\"url\":\"https:\/\/procolmat.com\/en\/\",\"name\":\"procolmat.com\",\"description\":\"\",\"publisher\":{\"@id\":\"https:\/\/procolmat.com\/en\/#organization\"},\"potentialAction\":[{\"@type\":\"SearchAction\",\"target\":{\"@type\":\"EntryPoint\",\"urlTemplate\":\"https:\/\/procolmat.com\/en\/?s={search_term_string}\"},\"query-input\":{\"@type\":\"PropertyValueSpecification\",\"valueRequired\":true,\"valueName\":\"search_term_string\"}}],\"inLanguage\":\"en-US\"},{\"@type\":\"Organization\",\"@id\":\"https:\/\/procolmat.com\/en\/#organization\",\"name\":\"procolmat.com\",\"url\":\"https:\/\/procolmat.com\/en\/\",\"logo\":{\"@type\":\"ImageObject\",\"inLanguage\":\"en-US\",\"@id\":\"https:\/\/procolmat.com\/en\/#\/schema\/logo\/image\/\",\"url\":\"https:\/\/procolmat.com\/wp-content\/uploads\/2021\/01\/cropped-LOGO-PROCOLMAT-PQ-3.png\",\"contentUrl\":\"https:\/\/procolmat.com\/wp-content\/uploads\/2021\/01\/cropped-LOGO-PROCOLMAT-PQ-3.png\",\"width\":300,\"height\":121,\"caption\":\"procolmat.com\"},\"image\":{\"@id\":\"https:\/\/procolmat.com\/en\/#\/schema\/logo\/image\/\"}}]}<\/script>\n<!-- \/ Yoast SEO plugin. -->","yoast_head_json":{"title":"Impermeabilizante Premium Procolmat [1\/4 Gal] - procolmat.com","description":"IMPERMEABILIZANTE PROCOLMAT es un sellador para techos y terrazas acr\u00edlico y elastomerico. Cuenta con una alta resistencia al agua y acondiciones clim\u00e1ticas extremas, su membrana altamente flexible le permite contraerse y expandirse sin afectar la adhesi\u00f3n del mismo a la superficie. Puede ser usado en concreto, techos de asfalto, madera, metal, laminas de zinc y superficies de espuma de uretano.","robots":{"index":"index","follow":"follow","max-snippet":"max-snippet:-1","max-image-preview":"max-image-preview:large","max-video-preview":"max-video-preview:-1"},"canonical":"https:\/\/procolmat.com\/en\/product\/impermeabilizante-premium-procolmat-1-4-gal\/","og_locale":"en_US","og_type":"article","og_title":"Impermeabilizante Premium Procolmat [1\/4 Gal] - procolmat.com","og_description":"IMPERMEABILIZANTE PROCOLMAT es un sellador para techos y terrazas acr\u00edlico y elastomerico. Cuenta con una alta resistencia al agua y acondiciones clim\u00e1ticas extremas, su membrana altamente flexible le permite contraerse y expandirse sin afectar la adhesi\u00f3n del mismo a la superficie. Puede ser usado en concreto, techos de asfalto, madera, metal, laminas de zinc y superficies de espuma de uretano.","og_url":"https:\/\/procolmat.com\/en\/product\/impermeabilizante-premium-procolmat-1-4-gal\/","og_site_name":"procolmat.com","article_modified_time":"2024-02-20T14:51:27+00:00","og_image":[{"width":880,"height":1168,"url":"https:\/\/procolmat.com\/wp-content\/uploads\/2022\/10\/impermeabilzante-procolmat-1-4-gal.jpg","type":"image\/jpeg"}],"twitter_card":"summary_large_image","twitter_misc":{"Est. reading time":"1 minute"},"schema":{"@context":"https:\/\/schema.org","@graph":[{"@type":"WebPage","@id":"https:\/\/procolmat.com\/producto\/impermeabilizante-premium-procolmat-1-4-gal\/","url":"https:\/\/procolmat.com\/producto\/impermeabilizante-premium-procolmat-1-4-gal\/","name":"Impermeabilizante Premium Procolmat [1\/4 Gal] - procolmat.com","isPartOf":{"@id":"https:\/\/procolmat.com\/en\/#website"},"primaryImageOfPage":{"@id":"https:\/\/procolmat.com\/producto\/impermeabilizante-premium-procolmat-1-4-gal\/#primaryimage"},"image":{"@id":"https:\/\/procolmat.com\/producto\/impermeabilizante-premium-procolmat-1-4-gal\/#primaryimage"},"thumbnailUrl":"https:\/\/procolmat.com\/wp-content\/uploads\/2022\/10\/impermeabilzante-procolmat-1-4-gal.jpg","datePublished":"2022-10-12T16:45:35+00:00","dateModified":"2024-02-20T14:51:27+00:00","description":"IMPERMEABILIZANTE PROCOLMAT es un sellador para techos y terrazas acr\u00edlico y elastomerico. Cuenta con una alta resistencia al agua y acondiciones clim\u00e1ticas extremas, su membrana altamente flexible le permite contraerse y expandirse sin afectar la adhesi\u00f3n del mismo a la superficie. Puede ser usado en concreto, techos de asfalto, madera, metal, laminas de zinc y superficies de espuma de uretano.","breadcrumb":{"@id":"https:\/\/procolmat.com\/producto\/impermeabilizante-premium-procolmat-1-4-gal\/#breadcrumb"},"inLanguage":"en-US","potentialAction":[{"@type":"ReadAction","target":["https:\/\/procolmat.com\/producto\/impermeabilizante-premium-procolmat-1-4-gal\/"]}]},{"@type":"ImageObject","inLanguage":"en-US","@id":"https:\/\/procolmat.com\/producto\/impermeabilizante-premium-procolmat-1-4-gal\/#primaryimage","url":"https:\/\/procolmat.com\/wp-content\/uploads\/2022\/10\/impermeabilzante-procolmat-1-4-gal.jpg","contentUrl":"https:\/\/procolmat.com\/wp-content\/uploads\/2022\/10\/impermeabilzante-procolmat-1-4-gal.jpg","width":880,"height":1168},{"@type":"BreadcrumbList","@id":"https:\/\/procolmat.com\/producto\/impermeabilizante-premium-procolmat-1-4-gal\/#breadcrumb","itemListElement":[{"@type":"ListItem","position":1,"name":"Portada","item":"https:\/\/procolmat.com\/"},{"@type":"ListItem","position":2,"name":"Productos","item":"https:\/\/procolmat.com\/tienda\/"},{"@type":"ListItem","position":3,"name":"Impermeabilizante Premium Procolmat [1\/4 Gal]"}]},{"@type":"WebSite","@id":"https:\/\/procolmat.com\/en\/#website","url":"https:\/\/procolmat.com\/en\/","name":"procolmat.com","description":"","publisher":{"@id":"https:\/\/procolmat.com\/en\/#organization"},"potentialAction":[{"@type":"SearchAction","target":{"@type":"EntryPoint","urlTemplate":"https:\/\/procolmat.com\/en\/?s={search_term_string}"},"query-input":{"@type":"PropertyValueSpecification","valueRequired":true,"valueName":"search_term_string"}}],"inLanguage":"en-US"},{"@type":"Organization","@id":"https:\/\/procolmat.com\/en\/#organization","name":"procolmat.com","url":"https:\/\/procolmat.com\/en\/","logo":{"@type":"ImageObject","inLanguage":"en-US","@id":"https:\/\/procolmat.com\/en\/#\/schema\/logo\/image\/","url":"https:\/\/procolmat.com\/wp-content\/uploads\/2021\/01\/cropped-LOGO-PROCOLMAT-PQ-3.png","contentUrl":"https:\/\/procolmat.com\/wp-content\/uploads\/2021\/01\/cropped-LOGO-PROCOLMAT-PQ-3.png","width":300,"height":121,"caption":"procolmat.com"},"image":{"@id":"https:\/\/procolmat.com\/en\/#\/schema\/logo\/image\/"}}]}},"_links":{"self":[{"href":"https:\/\/procolmat.com\/en\/wp-json\/wp\/v2\/product\/1115"}],"collection":[{"href":"https:\/\/procolmat.com\/en\/wp-json\/wp\/v2\/product"}],"about":[{"href":"https:\/\/procolmat.com\/en\/wp-json\/wp\/v2\/types\/product"}],"replies":[{"embeddable":true,"href":"https:\/\/procolmat.com\/en\/wp-json\/wp\/v2\/comments?post=1115"}],"wp:featuredmedia":[{"embeddable":true,"href":"https:\/\/procolmat.com\/en\/wp-json\/wp\/v2\/media\/1116"}],"wp:attachment":[{"href":"https:\/\/procolmat.com\/en\/wp-json\/wp\/v2\/media?parent=1115"}],"wp:term":[{"taxonomy":"product_cat","embeddable":true,"href":"https:\/\/procolmat.com\/en\/wp-json\/wp\/v2\/product_cat?post=1115"},{"taxonomy":"product_tag","embeddable":true,"href":"https:\/\/procolmat.com\/en\/wp-json\/wp\/v2\/product_tag?post=1115"}],"curies":[{"name":"wp","href":"https:\/\/api.w.org\/{rel}","templated":true}]}}