{"id":1529,"date":"2026-05-02T04:55:38","date_gmt":"2026-05-02T04:55:38","guid":{"rendered":"https:\/\/procolmat.com\/?page_id=1529"},"modified":"2026-05-02T05:06:16","modified_gmt":"2026-05-02T05:06:16","slug":"pegantes","status":"publish","type":"page","link":"https:\/\/procolmat.com\/en\/pegantes\/","title":{"rendered":"Pegantes"},"content":{"rendered":"\t\t<div data-elementor-type=\"wp-page\" data-elementor-id=\"1529\" class=\"elementor elementor-1529\" data-elementor-post-type=\"page\">\n\t\t\t\t\t\t<section data-particle_enable=\"false\" data-particle-mobile-disabled=\"false\" class=\"elementor-section elementor-top-section elementor-element elementor-element-34499b1 elementor-section-full_width elementor-section-height-default elementor-section-height-default wpr-particle-no wpr-jarallax-no wpr-parallax-no wpr-sticky-section-no wpr-equal-height-no\" data-id=\"34499b1\" data-element_type=\"section\" data-e-type=\"section\">\n\t\t\t\t\t\t<div class=\"elementor-container elementor-column-gap-default\">\n\t\t\t\t\t<div class=\"elementor-column elementor-col-100 elementor-top-column elementor-element elementor-element-058a636\" data-id=\"058a636\" data-element_type=\"column\" data-e-type=\"column\">\n\t\t\t<div class=\"elementor-widget-wrap elementor-element-populated\">\n\t\t\t\t\t\t<div class=\"elementor-element elementor-element-596c13e eael-product-grid-column-2 elementor-widget__width-initial elementor-widget elementor-widget-eicon-woocommerce\" data-id=\"596c13e\" data-element_type=\"widget\" data-e-type=\"widget\" data-widget_type=\"eicon-woocommerce.default\">\n\t\t\t\t<div class=\"elementor-widget-container\">\n\t\t\t\t\t\n        <div class=\"eael-product-grid eael-product-simple grid\" id=\"eael-product-grid\" data-widget-id=\"596c13e\" data-page-id=\"1529\" data-nonce=\"99131f755e\" >\n            <div class=\"woocommerce\">\n                <ul class=\"products eael-post-appender eael-post-appender-596c13e\" data-ssi-desktop=\"\" data-ssi-tablet=\"\" data-ssi-mobile=\"\" data-layout-mode=\"grid\"> <li class=\"product \">\n<div class=\"eael-product-wrap\" data-src=\"\" data-src-hover=\"\">\n    <img fetchpriority=\"high\" decoding=\"async\" width=\"300\" height=\"290\" src=\"https:\/\/procolmat.com\/wp-content\/uploads\/2022\/04\/v3-300x290.png\" class=\"attachment-woocommerce_thumbnail size-woocommerce_thumbnail wvs-archive-product-image\" alt=\"Pegate Porcel\u00e1nico Grandes Formatos Premium [25 Kg]\" loading=\"eager\" srcset=\"https:\/\/procolmat.com\/wp-content\/uploads\/2022\/04\/v3-300x290.png 300w, https:\/\/procolmat.com\/wp-content\/uploads\/2022\/04\/v3-1024x989.png 1024w, https:\/\/procolmat.com\/wp-content\/uploads\/2022\/04\/v3-768x742.png 768w, https:\/\/procolmat.com\/wp-content\/uploads\/2022\/04\/v3-1536x1483.png 1536w, https:\/\/procolmat.com\/wp-content\/uploads\/2022\/04\/v3-2048x1978.png 2048w, https:\/\/procolmat.com\/wp-content\/uploads\/2022\/04\/v3-12x12.png 12w, https:\/\/procolmat.com\/wp-content\/uploads\/2022\/04\/v3-600x579.png 600w\" sizes=\"(max-width: 300px) 100vw, 300px\" \/><div class=\"eael-product-title\">\n    <a href=\"https:\/\/procolmat.com\/en\/product\/pega-para-porcelanato-premium-25-kg\/\" class=\"woocommerce-LoopProduct-link woocommerce-loop-product__link\"><h2 class=\"woocommerce-loop-product__title\">Pegate Porcel\u00e1nico Grandes Formatos Premium [25 Kg]<\/h2><\/a>\n    <\/div><div class=\"eael-star-rating star-rating\"><span style=\"width:0%\">Rated <strong class=\"rating\">0<\/strong> out of 5<\/span><\/div><div class=\"eael-product-price\"><span class=\"woocommerce-Price-amount amount\"><bdi><span class=\"woocommerce-Price-currencySymbol\">&#36;<\/span>39,270<\/bdi><\/span><\/div>    <a href=\"\/en\/wp-json\/wp\/v2\/pages\/1529?add-to-cart=1025\" aria-describedby=\"woocommerce_loop_add_to_cart_link_describedby_1025\" data-quantity=\"1\" class=\"button product_type_simple add_to_cart_button ajax_add_to_cart \" data-product_id=\"1025\" data-product_sku=\"\" aria-label=\"Add to cart: &ldquo;Pegate Porcel\u00e1nico Grandes Formatos Premium [25 Kg]&rdquo;\" rel=\"nofollow\" data-success_message=\"&ldquo;Pegate Porcel\u00e1nico Grandes Formatos Premium [25 Kg]&rdquo; has been added to your cart\" role=\"button\">Add to cart<\/a>\t<span id=\"woocommerce_loop_add_to_cart_link_describedby_1025\" class=\"screen-reader-text\">\n\t\t\t<\/span>\n    \n<\/div>\n\n<\/li> <li class=\"product \">\n<div class=\"eael-product-wrap\" data-src=\"\" data-src-hover=\"\">\n    <img decoding=\"async\" width=\"257\" height=\"300\" src=\"https:\/\/procolmat.com\/wp-content\/uploads\/2021\/05\/constructor-257x300.jpg\" class=\"attachment-woocommerce_thumbnail size-woocommerce_thumbnail wvs-archive-product-image\" alt=\"Pegante Cer\u00e1mico Premium [25 Kg]\" loading=\"eager\" srcset=\"https:\/\/procolmat.com\/wp-content\/uploads\/2021\/05\/constructor-257x300.jpg 257w, https:\/\/procolmat.com\/wp-content\/uploads\/2021\/05\/constructor-10x12.jpg 10w, https:\/\/procolmat.com\/wp-content\/uploads\/2021\/05\/constructor.jpg 600w\" sizes=\"(max-width: 257px) 100vw, 257px\" \/><div class=\"eael-product-title\">\n    <a href=\"https:\/\/procolmat.com\/en\/product\/pegante-ceramico-premium-25-kg\/\" class=\"woocommerce-LoopProduct-link woocommerce-loop-product__link\"><h2 class=\"woocommerce-loop-product__title\">Pegante Cer\u00e1mico Premium [25 Kg]<\/h2><\/a>\n    <\/div><div class=\"eael-star-rating star-rating\"><span style=\"width:0%\">Rated <strong class=\"rating\">0<\/strong> out of 5<\/span><\/div><div class=\"eael-product-price\"><span class=\"woocommerce-Price-amount amount\"><bdi><span class=\"woocommerce-Price-currencySymbol\">&#36;<\/span>15,500<\/bdi><\/span><\/div>    <a href=\"\/en\/wp-json\/wp\/v2\/pages\/1529?add-to-cart=909\" aria-describedby=\"woocommerce_loop_add_to_cart_link_describedby_909\" data-quantity=\"1\" class=\"button product_type_simple add_to_cart_button ajax_add_to_cart \" data-product_id=\"909\" data-product_sku=\"\" aria-label=\"Add to cart: &ldquo;Pegante Cer\u00e1mico Premium [25 Kg]&rdquo;\" rel=\"nofollow\" data-success_message=\"&ldquo;Pegante Cer\u00e1mico Premium [25 Kg]&rdquo; has been added to your cart\" role=\"button\">Add to cart<\/a>\t<span id=\"woocommerce_loop_add_to_cart_link_describedby_909\" class=\"screen-reader-text\">\n\t\t\t<\/span>\n    \n<\/div>\n\n<\/li> <li class=\"product \">\n<div class=\"eael-product-wrap\" data-src=\"\" data-src-hover=\"\">\n    <img decoding=\"async\" width=\"300\" height=\"290\" src=\"https:\/\/procolmat.com\/wp-content\/uploads\/2021\/03\/Mockup1-300x290.png\" class=\"attachment-woocommerce_thumbnail size-woocommerce_thumbnail wvs-archive-product-image\" alt=\"Pega para Piscinas Flex [25 Kg]\" loading=\"eager\" srcset=\"https:\/\/procolmat.com\/wp-content\/uploads\/2021\/03\/Mockup1-300x290.png 300w, https:\/\/procolmat.com\/wp-content\/uploads\/2021\/03\/Mockup1-1024x989.png 1024w, https:\/\/procolmat.com\/wp-content\/uploads\/2021\/03\/Mockup1-768x742.png 768w, https:\/\/procolmat.com\/wp-content\/uploads\/2021\/03\/Mockup1-1536x1483.png 1536w, https:\/\/procolmat.com\/wp-content\/uploads\/2021\/03\/Mockup1-2048x1978.png 2048w, https:\/\/procolmat.com\/wp-content\/uploads\/2021\/03\/Mockup1-12x12.png 12w, https:\/\/procolmat.com\/wp-content\/uploads\/2021\/03\/Mockup1-600x579.png 600w\" sizes=\"(max-width: 300px) 100vw, 300px\" \/><div class=\"eael-product-title\">\n    <a href=\"https:\/\/procolmat.com\/en\/product\/pegante-para-piscinas-pegafort-25-kg\/\" class=\"woocommerce-LoopProduct-link woocommerce-loop-product__link\"><h2 class=\"woocommerce-loop-product__title\">Pega para Piscinas Flex [25 Kg]<\/h2><\/a>\n    <\/div><div class=\"eael-star-rating star-rating\"><span style=\"width:0%\">Rated <strong class=\"rating\">0<\/strong> out of 5<\/span><\/div><div class=\"eael-product-price\"><span class=\"woocommerce-Price-amount amount\"><bdi><span class=\"woocommerce-Price-currencySymbol\">&#36;<\/span>66,000<\/bdi><\/span><\/div>    <a href=\"\/en\/wp-json\/wp\/v2\/pages\/1529?add-to-cart=864\" aria-describedby=\"woocommerce_loop_add_to_cart_link_describedby_864\" data-quantity=\"1\" class=\"button product_type_simple add_to_cart_button ajax_add_to_cart \" data-product_id=\"864\" data-product_sku=\"\" aria-label=\"Add to cart: &ldquo;Pega para Piscinas Flex [25 Kg]&rdquo;\" rel=\"nofollow\" data-success_message=\"&ldquo;Pega para Piscinas Flex [25 Kg]&rdquo; has been added to your cart\" role=\"button\">Add to cart<\/a>\t<span id=\"woocommerce_loop_add_to_cart_link_describedby_864\" class=\"screen-reader-text\">\n\t\t\t<\/span>\n    \n<\/div>\n\n<\/li> <li class=\"product \">\n<div class=\"eael-product-wrap\" data-src=\"\" data-src-hover=\"\">\n    <img decoding=\"async\" width=\"300\" height=\"225\" src=\"https:\/\/procolmat.com\/wp-content\/uploads\/2021\/02\/Saco-Procolmat-porcelanato-300x225.png\" class=\"attachment-woocommerce_thumbnail size-woocommerce_thumbnail wvs-archive-product-image\" alt=\"Pegante Porcel\u00e1nico  [25 Kg]\" loading=\"eager\" srcset=\"https:\/\/procolmat.com\/wp-content\/uploads\/2021\/02\/Saco-Procolmat-porcelanato-300x225.png 300w, https:\/\/procolmat.com\/wp-content\/uploads\/2021\/02\/Saco-Procolmat-porcelanato-1024x768.png 1024w, https:\/\/procolmat.com\/wp-content\/uploads\/2021\/02\/Saco-Procolmat-porcelanato-768x576.png 768w, https:\/\/procolmat.com\/wp-content\/uploads\/2021\/02\/Saco-Procolmat-porcelanato-16x12.png 16w, https:\/\/procolmat.com\/wp-content\/uploads\/2021\/02\/Saco-Procolmat-porcelanato-600x450.png 600w, https:\/\/procolmat.com\/wp-content\/uploads\/2021\/02\/Saco-Procolmat-porcelanato.png 1200w\" sizes=\"(max-width: 300px) 100vw, 300px\" \/><div class=\"eael-product-title\">\n    <a href=\"https:\/\/procolmat.com\/en\/product\/pegafort-porcelanato-25-kg\/\" class=\"woocommerce-LoopProduct-link woocommerce-loop-product__link\"><h2 class=\"woocommerce-loop-product__title\">Pegante Porcel\u00e1nico  [25 Kg]<\/h2><\/a>\n    <\/div><div class=\"eael-star-rating star-rating\"><span style=\"width:0%\">Rated <strong class=\"rating\">0<\/strong> out of 5<\/span><\/div><div class=\"eael-product-price\"><span class=\"woocommerce-Price-amount amount\"><bdi><span class=\"woocommerce-Price-currencySymbol\">&#36;<\/span>21,000<\/bdi><\/span><\/div>    <a href=\"\/en\/wp-json\/wp\/v2\/pages\/1529?add-to-cart=836\" aria-describedby=\"woocommerce_loop_add_to_cart_link_describedby_836\" data-quantity=\"1\" class=\"button product_type_simple add_to_cart_button ajax_add_to_cart \" data-product_id=\"836\" data-product_sku=\"\" aria-label=\"Add to cart: &ldquo;Pegante Porcel\u00e1nico  [25 Kg]&rdquo;\" rel=\"nofollow\" data-success_message=\"&ldquo;Pegante Porcel\u00e1nico  [25 Kg]&rdquo; has been added to your cart\" role=\"button\">Add to cart<\/a>\t<span id=\"woocommerce_loop_add_to_cart_link_describedby_836\" class=\"screen-reader-text\">\n\t\t\t<\/span>\n    \n<\/div>\n\n<\/li><\/ul>            <div class=\"eael-load-more-button-wrap eael-force-hide\">\n                <button class=\"eael-load-more-button\" id=\"eael-load-more-btn-596c13e\" data-widget-id=\"596c13e\" data-widget=\"596c13e\" data-page-id=\"1529\" data-template=\"{&quot;dir&quot;:&quot;lite&quot;,&quot;file_name&quot;:&quot;simple.php&quot;,&quot;name&quot;:&quot;Eicon-Woocommerce&quot;}\" data-class=\"Essential_Addons_Elementor\\Elements\\Product_Grid\" data-layout=\"grid\" data-page=\"1\" data-args=\"post_type=product&amp;post_status%5B0%5D=publish&amp;post_status%5B1%5D=pending&amp;post_status%5B2%5D=future&amp;posts_per_page=4&amp;order=desc&amp;offset=0&amp;tax_query%5Brelation%5D=AND&amp;tax_query%5B0%5D%5Btaxonomy%5D=product_visibility&amp;tax_query%5B0%5D%5Bfield%5D=name&amp;tax_query%5B0%5D%5Bterms%5D%5B0%5D=exclude-from-search&amp;tax_query%5B0%5D%5Bterms%5D%5B1%5D=exclude-from-catalog&amp;tax_query%5B0%5D%5Boperator%5D=NOT+IN&amp;tax_query%5B1%5D%5Btaxonomy%5D=product_cat&amp;tax_query%5B1%5D%5Bfield%5D=slug&amp;tax_query%5B1%5D%5Bterms%5D%5B0%5D=pegantes&amp;tax_query%5B1%5D%5Boperator%5D=IN&amp;meta_query%5Brelation%5D=AND&amp;orderby=date&amp;total_post=5\" data-max-page=\"2\">\n                    <span class=\"eael-btn-loader button__loader\"><\/span>\n                    <span class=\"eael_load_more_text\"><\/span>\n                <\/button>\n            <\/div>\n                        <\/div>\n        <\/div>\n\n        <script type=\"text\/javascript\">\n            jQuery(document).ready(function($) {\n                var $scope = jQuery(\".elementor-element-596c13e\");\n                var $products = $('.products', $scope);\n                var $layout_mode = $products.data('layout-mode');\n                \n                if ( $layout_mode === 'masonry' ) {\n                    \/\/ init isotope\n                    var $isotope_products = $products.isotope({\n                        itemSelector: \"li.product\",\n                        layoutMode: $layout_mode,\n                        percentPosition: true\n                    });\n\n                    $isotope_products.imagesLoaded().progress( function() {\n                        $isotope_products.isotope('layout');\n                    })\n                    \n                }\n            });\n        <\/script>\n        \t\t\t\t<\/div>\n\t\t\t\t<\/div>\n\t\t\t\t\t<\/div>\n\t\t<\/div>\n\t\t\t\t\t<\/div>\n\t\t<\/section>\n\t\t\t\t<\/div>\n\t\t","protected":false},"excerpt":{"rendered":"<p>Pegate Porcel\u00e1nico Grandes Formatos Premium [25 Kg] Valorado con 0 de 5&#36;39,270 A\u00f1adir al carrito Pegante Cer\u00e1mico Premium [25 Kg]<\/p>\n","protected":false},"author":1,"featured_media":0,"parent":0,"menu_order":0,"comment_status":"closed","ping_status":"closed","template":"","meta":{"site-sidebar-layout":"default","site-content-layout":"","ast-site-content-layout":"default","site-content-style":"default","site-sidebar-style":"default","ast-global-header-display":"","ast-banner-title-visibility":"","ast-main-header-display":"","ast-hfb-above-header-display":"","ast-hfb-below-header-display":"","ast-hfb-mobile-header-display":"","site-post-title":"","ast-breadcrumbs-content":"","ast-featured-img":"","footer-sml-layout":"","ast-disable-related-posts":"","theme-transparent-header-meta":"","adv-header-id-meta":"","stick-header-meta":"","header-above-stick-meta":"","header-main-stick-meta":"","header-below-stick-meta":"","astra-migrate-meta-layouts":"default","ast-page-background-enabled":"default","ast-page-background-meta":{"desktop":{"background-color":"var(--ast-global-color-5)","background-image":"","background-repeat":"repeat","background-position":"center center","background-size":"auto","background-attachment":"scroll","background-type":"","background-media":"","overlay-type":"","overlay-color":"","overlay-opacity":"","overlay-gradient":""},"tablet":{"background-color":"","background-image":"","background-repeat":"repeat","background-position":"center center","background-size":"auto","background-attachment":"scroll","background-type":"","background-media":"","overlay-type":"","overlay-color":"","overlay-opacity":"","overlay-gradient":""},"mobile":{"background-color":"","background-image":"","background-repeat":"repeat","background-position":"center center","background-size":"auto","background-attachment":"scroll","background-type":"","background-media":"","overlay-type":"","overlay-color":"","overlay-opacity":"","overlay-gradient":""}},"ast-content-background-meta":{"desktop":{"background-color":"var(--ast-global-color-4)","background-image":"","background-repeat":"repeat","background-position":"center center","background-size":"auto","background-attachment":"scroll","background-type":"","background-media":"","overlay-type":"","overlay-color":"","overlay-opacity":"","overlay-gradient":""},"tablet":{"background-color":"var(--ast-global-color-4)","background-image":"","background-repeat":"repeat","background-position":"center center","background-size":"auto","background-attachment":"scroll","background-type":"","background-media":"","overlay-type":"","overlay-color":"","overlay-opacity":"","overlay-gradient":""},"mobile":{"background-color":"var(--ast-global-color-4)","background-image":"","background-repeat":"repeat","background-position":"center center","background-size":"auto","background-attachment":"scroll","background-type":"","background-media":"","overlay-type":"","overlay-color":"","overlay-opacity":"","overlay-gradient":""}},"footnotes":""},"class_list":["post-1529","page","type-page","status-publish","hentry","desktop-align-left","tablet-align-left","mobile-align-left","ast-product-gallery-layout-horizontal-slider","ast-product-gallery-with-no-image","ast-product-tabs-layout-horizontal"],"yoast_head":"<!-- This site is optimized with the Yoast SEO plugin v27.5 - https:\/\/yoast.com\/product\/yoast-seo-wordpress\/ -->\n<title>Pegantes - procolmat.com<\/title>\n<meta name=\"robots\" content=\"index, follow, max-snippet:-1, max-image-preview:large, max-video-preview:-1\" \/>\n<link rel=\"canonical\" href=\"https:\/\/procolmat.com\/en\/pegantes\/\" \/>\n<meta property=\"og:locale\" content=\"en_US\" \/>\n<meta property=\"og:type\" content=\"article\" \/>\n<meta property=\"og:title\" content=\"Pegantes - procolmat.com\" \/>\n<meta property=\"og:description\" content=\"Pegate Porcel\u00e1nico Grandes Formatos Premium [25 Kg] Valorado con 0 de 5&#036;39,270 A\u00f1adir al carrito Pegante Cer\u00e1mico Premium [25 Kg]\" \/>\n<meta property=\"og:url\" content=\"https:\/\/procolmat.com\/en\/pegantes\/\" \/>\n<meta property=\"og:site_name\" content=\"procolmat.com\" \/>\n<meta property=\"article:modified_time\" content=\"2026-05-02T05:06:16+00:00\" \/>\n<meta property=\"og:image\" content=\"https:\/\/procolmat.com\/wp-content\/uploads\/2022\/04\/v3-300x290.png\" \/>\n<meta name=\"twitter:card\" content=\"summary_large_image\" \/>\n<script type=\"application\/ld+json\" class=\"yoast-schema-graph\">{\"@context\":\"https:\\\/\\\/schema.org\",\"@graph\":[{\"@type\":\"WebPage\",\"@id\":\"https:\\\/\\\/procolmat.com\\\/pegantes\\\/\",\"url\":\"https:\\\/\\\/procolmat.com\\\/pegantes\\\/\",\"name\":\"Pegantes - procolmat.com\",\"isPartOf\":{\"@id\":\"https:\\\/\\\/procolmat.com\\\/en\\\/#website\"},\"primaryImageOfPage\":{\"@id\":\"https:\\\/\\\/procolmat.com\\\/pegantes\\\/#primaryimage\"},\"image\":{\"@id\":\"https:\\\/\\\/procolmat.com\\\/pegantes\\\/#primaryimage\"},\"thumbnailUrl\":\"https:\\\/\\\/procolmat.com\\\/wp-content\\\/uploads\\\/2022\\\/04\\\/v3-300x290.png\",\"datePublished\":\"2026-05-02T04:55:38+00:00\",\"dateModified\":\"2026-05-02T05:06:16+00:00\",\"breadcrumb\":{\"@id\":\"https:\\\/\\\/procolmat.com\\\/pegantes\\\/#breadcrumb\"},\"inLanguage\":\"en-US\",\"potentialAction\":[{\"@type\":\"ReadAction\",\"target\":[\"https:\\\/\\\/procolmat.com\\\/pegantes\\\/\"]}]},{\"@type\":\"ImageObject\",\"inLanguage\":\"en-US\",\"@id\":\"https:\\\/\\\/procolmat.com\\\/pegantes\\\/#primaryimage\",\"url\":\"https:\\\/\\\/procolmat.com\\\/wp-content\\\/uploads\\\/2022\\\/04\\\/v3-300x290.png\",\"contentUrl\":\"https:\\\/\\\/procolmat.com\\\/wp-content\\\/uploads\\\/2022\\\/04\\\/v3-300x290.png\"},{\"@type\":\"BreadcrumbList\",\"@id\":\"https:\\\/\\\/procolmat.com\\\/pegantes\\\/#breadcrumb\",\"itemListElement\":[{\"@type\":\"ListItem\",\"position\":1,\"name\":\"Portada\",\"item\":\"https:\\\/\\\/procolmat.com\\\/\"},{\"@type\":\"ListItem\",\"position\":2,\"name\":\"Pegantes\"}]},{\"@type\":\"WebSite\",\"@id\":\"https:\\\/\\\/procolmat.com\\\/en\\\/#website\",\"url\":\"https:\\\/\\\/procolmat.com\\\/en\\\/\",\"name\":\"procolmat.com\",\"description\":\"\",\"potentialAction\":[{\"@type\":\"SearchAction\",\"target\":{\"@type\":\"EntryPoint\",\"urlTemplate\":\"https:\\\/\\\/procolmat.com\\\/en\\\/?s={search_term_string}\"},\"query-input\":{\"@type\":\"PropertyValueSpecification\",\"valueRequired\":true,\"valueName\":\"search_term_string\"}}],\"inLanguage\":\"en-US\"}]}<\/script>\n<!-- \/ Yoast SEO plugin. -->","yoast_head_json":{"title":"Pegantes - procolmat.com","robots":{"index":"index","follow":"follow","max-snippet":"max-snippet:-1","max-image-preview":"max-image-preview:large","max-video-preview":"max-video-preview:-1"},"canonical":"https:\/\/procolmat.com\/en\/pegantes\/","og_locale":"en_US","og_type":"article","og_title":"Pegantes - procolmat.com","og_description":"Pegate Porcel\u00e1nico Grandes Formatos Premium [25 Kg] Valorado con 0 de 5&#36;39,270 A\u00f1adir al carrito Pegante Cer\u00e1mico Premium [25 Kg]","og_url":"https:\/\/procolmat.com\/en\/pegantes\/","og_site_name":"procolmat.com","article_modified_time":"2026-05-02T05:06:16+00:00","og_image":[{"url":"https:\/\/procolmat.com\/wp-content\/uploads\/2022\/04\/v3-300x290.png","type":"","width":"","height":""}],"twitter_card":"summary_large_image","schema":{"@context":"https:\/\/schema.org","@graph":[{"@type":"WebPage","@id":"https:\/\/procolmat.com\/pegantes\/","url":"https:\/\/procolmat.com\/pegantes\/","name":"Pegantes - procolmat.com","isPartOf":{"@id":"https:\/\/procolmat.com\/en\/#website"},"primaryImageOfPage":{"@id":"https:\/\/procolmat.com\/pegantes\/#primaryimage"},"image":{"@id":"https:\/\/procolmat.com\/pegantes\/#primaryimage"},"thumbnailUrl":"https:\/\/procolmat.com\/wp-content\/uploads\/2022\/04\/v3-300x290.png","datePublished":"2026-05-02T04:55:38+00:00","dateModified":"2026-05-02T05:06:16+00:00","breadcrumb":{"@id":"https:\/\/procolmat.com\/pegantes\/#breadcrumb"},"inLanguage":"en-US","potentialAction":[{"@type":"ReadAction","target":["https:\/\/procolmat.com\/pegantes\/"]}]},{"@type":"ImageObject","inLanguage":"en-US","@id":"https:\/\/procolmat.com\/pegantes\/#primaryimage","url":"https:\/\/procolmat.com\/wp-content\/uploads\/2022\/04\/v3-300x290.png","contentUrl":"https:\/\/procolmat.com\/wp-content\/uploads\/2022\/04\/v3-300x290.png"},{"@type":"BreadcrumbList","@id":"https:\/\/procolmat.com\/pegantes\/#breadcrumb","itemListElement":[{"@type":"ListItem","position":1,"name":"Portada","item":"https:\/\/procolmat.com\/"},{"@type":"ListItem","position":2,"name":"Pegantes"}]},{"@type":"WebSite","@id":"https:\/\/procolmat.com\/en\/#website","url":"https:\/\/procolmat.com\/en\/","name":"Procolmat.com","description":"","potentialAction":[{"@type":"SearchAction","target":{"@type":"EntryPoint","urlTemplate":"https:\/\/procolmat.com\/en\/?s={search_term_string}"},"query-input":{"@type":"PropertyValueSpecification","valueRequired":true,"valueName":"search_term_string"}}],"inLanguage":"en-US"}]}},"_links":{"self":[{"href":"https:\/\/procolmat.com\/en\/wp-json\/wp\/v2\/pages\/1529","targetHints":{"allow":["GET"]}}],"collection":[{"href":"https:\/\/procolmat.com\/en\/wp-json\/wp\/v2\/pages"}],"about":[{"href":"https:\/\/procolmat.com\/en\/wp-json\/wp\/v2\/types\/page"}],"author":[{"embeddable":true,"href":"https:\/\/procolmat.com\/en\/wp-json\/wp\/v2\/users\/1"}],"replies":[{"embeddable":true,"href":"https:\/\/procolmat.com\/en\/wp-json\/wp\/v2\/comments?post=1529"}],"version-history":[{"count":19,"href":"https:\/\/procolmat.com\/en\/wp-json\/wp\/v2\/pages\/1529\/revisions"}],"predecessor-version":[{"id":1548,"href":"https:\/\/procolmat.com\/en\/wp-json\/wp\/v2\/pages\/1529\/revisions\/1548"}],"wp:attachment":[{"href":"https:\/\/procolmat.com\/en\/wp-json\/wp\/v2\/media?parent=1529"}],"curies":[{"name":"wp","href":"https:\/\/api.w.org\/{rel}","templated":true}]}}